{"id":837,"date":"2024-10-25T08:30:51","date_gmt":"2024-10-25T08:30:51","guid":{"rendered":"https:\/\/prueba.barriotropical.com\/politica-de-privacidad-y-condiciones-generales\/"},"modified":"2024-12-04T12:19:23","modified_gmt":"2024-12-04T12:19:23","slug":"politica-de-privacidad-y-condiciones-generales","status":"publish","type":"page","link":"https:\/\/prueba.barriotropical.com\/es\/politica-de-privacidad-y-condiciones-generales\/","title":{"rendered":"Pol\u00edtica de privacidad y condiciones generales"},"content":{"rendered":"\t\t<div data-elementor-type=\"wp-page\" data-elementor-id=\"837\" class=\"elementor elementor-837 elementor-3\" data-elementor-post-type=\"page\">\n\t\t\t\t<div class=\"elementor-element elementor-element-dff6dc1 e-flex e-con-boxed qodef-elementor-content-no e-con e-parent\" data-id=\"dff6dc1\" data-element_type=\"container\" data-settings=\"{&quot;jet_parallax_layout_list&quot;:[]}\">\n\t\t\t\t\t<div class=\"e-con-inner\">\n\t\t\t\t<div class=\"elementor-element elementor-element-2082669 elementor-widget elementor-widget-qi_addons_for_elementor_animated_text\" data-id=\"2082669\" data-element_type=\"widget\" data-widget_type=\"qi_addons_for_elementor_animated_text.default\">\n\t\t\t\t<div class=\"elementor-widget-container\">\n\t\t\t<div class=\"qodef-shortcode qodef-m  qodef-qi-animated-text   qodef-qi--has-appear qodef--appear-from-bottom\" >\n\t\t<h2 class=\"qodef-m-title\">\n\t\tPol\u00edtica de privacidad y condiciones generales\t<\/h2>\n<\/div>\n\t\t<\/div>\n\t\t\t\t<\/div>\n\t\t\t\t<div class=\"elementor-element elementor-element-912a60d elementor-widget elementor-widget-text-editor\" data-id=\"912a60d\" data-element_type=\"widget\" data-widget_type=\"text-editor.default\">\n\t\t\t\t<div class=\"elementor-widget-container\">\n\t\t\t\t\t\t\t<p><strong>Dominio:<\/strong> www.vilanovaenlinia.cat<br \/><strong>Titular:<\/strong> Ajuntament de Vilanova del Cam\u00ed<br \/><strong>Direcci\u00f3n:<\/strong> Pl. del Castell, 1, 08788 &#8211; Vilanova del Cam\u00ed (Barcelona)<br \/><strong>Tel\u00e9fono:<\/strong> 93 805 44 22<br \/><strong>Fax:<\/strong> 93 805 42 90<br \/><strong>Correo electr\u00f3nico:<\/strong> <span id=\"cloak9c758bcad0fd29fc5c5b3b8b38a822ce\"><a href=\"mailto:info@vilanovaenlinia.cat\">info@vilanovaenlinia.cat<\/a><\/span><br \/><strong>C.I.F:<\/strong> P-0830300-J<br \/><strong>Datos registrales:<\/strong> Registro de entes locales de la Generalidad de Catalu\u00f1a<\/p>\n<p>A efectos de lo previsto en el Reglamento General de Protecci\u00f3n de Datos, los datos personales que env\u00edes a trav\u00e9s de los formularios de la web, recibir\u00e1n el tratamiento de datos de \u00abUsuarios de la web y suscriptores\u00bb.<\/p>\n<p>Para el tratamiento de datos de nuestros usuarios, implementamos todas las medidas t\u00e9cnicas y organizativas de seguridad establecidas en la legislaci\u00f3n vigente.<\/p>\n<p><strong>Principios que aplicaremos a tu informaci\u00f3n<\/strong><\/p>\n<p>En el tratamiento de tus datos personales, aplicaremos los siguientes principios que se ajustan a las exigencias del nuevo reglamento europeo de protecci\u00f3n de datos:<\/p>\n<p>\u2022 Principio de licitud, lealtad y transparencia: Siempre requerimos tu consentimiento para el tratamiento de tus datos personales para una o varias finalidades espec\u00edficas de las que te informaremos previamente con absoluta transparencia.<br \/>\u2022 Principio de minimizaci\u00f3n de datos: S\u00f3lo te pediremos los datos estrictamente necesarios en relaci\u00f3n con la finalidad para la que los requieramos. Los m\u00ednimos posibles. <br \/>\u2022 Principio de limitaci\u00f3n del plazo de conservaci\u00f3n: Los datos ser\u00e1n mantenidos durante no m\u00e1s tiempo del necesario para la finalidad del tratamiento, te informaremos del plazo de conservaci\u00f3n correspondiente, en el caso de suscripciones, revisaremos peri\u00f3dicamente nuestras listas y eliminaremos aquellos registros inactivos durante un tiempo considerable.<br \/>\u2022 Principio de integridad y confidencialidad: tus datos ser\u00e1n tratados de tal forma que se garantice una seguridad adecuada de los datos personales y se garantice confidencialidad. Tienes que saber que tomamos todas las precauciones necesarias para evitar el acceso no autorizado o uso indebido de los datos de nuestros usuarios por parte de terceros. <\/p>\n<p><strong>\u00bfC\u00f3mo hemos obtenido los datos?<\/strong><\/p>\n<p>Los datos personales que tratamos en VILANOVAENLINIA.CAT proceden de:<\/p>\n<p>\u2022 Formularios de contacto.<br \/>\u2022 Formularios de suscripci\u00f3n a las diferentes actividades que se llevan a cabo en el municipio.<\/p>\n<p><strong>\u00bfCu\u00e1les son tus derechos cuando nos facilitas tus datos?<\/strong><\/p>\n<p>Cualquier persona tiene derecho a obtener confirmaci\u00f3n sobre si en VILANOVAENLINIA.CAT estamos tratando datos personales que nos conciernen, o no.<\/p>\n<p>Las personas interesadas tienen derecho a:<\/p>\n<p>\u2022 Solicitar el acceso a los datos personales relativos al interesado.<br \/>\u2022 Solicitar su rectificaci\u00f3n o supresi\u00f3n.<br \/>\u2022 Solicitar la limitaci\u00f3n de su tratamiento.<br \/>\u2022 Oponerse al tratamiento.<br \/>\u2022 Solicitar la portabilidad de los datos.<\/p>\n<p>Los interesados podr\u00e1n acceder a sus datos personales, as\u00ed como a solicitar la rectificaci\u00f3n de los datos inexactos o, en su caso, solicitar su supresi\u00f3n cuando, entre otros motivos, los datos ya no sean necesarios para los mismos fines para los que fueron recogidos. En determinadas circunstancias, los interesados podr\u00e1n solicitar la limitaci\u00f3n del tratamiento de sus datos, en cuyo caso \u00fanicamente los conservaremos para el ejercicio o la defensa de reclamaciones. <\/p>\n<p>En determinadas circunstancias y por motivos relacionados con su situaci\u00f3n particular, los interesados podr\u00e1n oponerse al tratamiento de sus datos. AYUNTAMIENTO DE VILANOVA DEL CAMINO dejar\u00e1 de tratar los datos, excepto por motivos imperiosos leg\u00edtimos, o el ejercicio o la defensa de posibles reclamaciones. Como interesado, tienes derecho a recibir los datos personales que te incumban, que nos hayas facilitado y en un formato estructurado, de uso com\u00fan y lectura mec\u00e1nica, ya transmitirlos a otro responsable del tratamiento cuando:  <\/p>\n<p>\u2022 El tratamiento est\u00e9 basado en el consentimiento.<br \/>\u2022 Los datos hayan sido facilitados por la persona interesada.<br \/>\u2022 El tratamiento se efect\u00fae por medios automatizados.<\/p>\n<p>Al ejercer tu derecho a la portabilidad de los datos, tendr\u00e1s derecho a que los datos personales se transmitan directamente de responsable a responsable cuando sea t\u00e9cnicamente posible.<\/p>\n<p>Los interesados tambi\u00e9n tendr\u00e1n derecho a la tutela judicial efectiva ya presentar una reclamaci\u00f3n ante la autoridad de control, en este caso, la Agencia Espa\u00f1ola de Protecci\u00f3n de Datos, si consideran que el tratamiento de datos personales que le conciernen infringe el Reglamento.<\/p>\n<p><strong>\u00bfCon qu\u00e9 finalidad tratamos tus datos personales?<\/strong><\/p>\n<p>Cuando un usuario se conecta a esta web para enviar un correo al titular, suscribir o realizar alguna contrataci\u00f3n, est\u00e1 facilitando informaci\u00f3n de car\u00e1cter personal de la que es responsable AYUNTAMIENTO DE VILANOVA DEL CAMINO, esta informaci\u00f3n puede incluir datos de car\u00e1cter personal como pueden ser tu direcci\u00f3n IP, nombre, direcci\u00f3n f\u00edsica, direcci\u00f3n de correo electr\u00f3nico, n\u00famero de tel\u00e9fono, y otra informaci\u00f3n. Al facilitar esta informaci\u00f3n, el usuario da su consentimiento para que su informaci\u00f3n sea recopilada, utilizada, gestionada y almacenada por VILANOVAENLINIA.CAT, s\u00f3lo como se describe en el Aviso legal y en la presente Pol\u00edtica de Privacidad. <\/p>\n<p>En VILANOVAENLINIA.CAT ha diferentes sistemas de captura de informaci\u00f3n personal y trate la informaci\u00f3n que nos facilitan las personas interesadas con la siguiente finalidad para cada sistema de captura (formularios):<\/p>\n<p>\u2022 Formulario de contacto: Solicitamos los siguientes datos personales: nombre, apellidos, tel\u00e9fono y email, para responder a los requerimientos de los usuarios de VILANOVAENLINIA.CAT. Por ejemplo, podemos utilizar estos datos para responder a tu solicitud y dar respuesta a las dudas, quejas, comentarios o inquietudes que puedas tener relativas a la informaci\u00f3n incluida en la web, los servicios que se prestan a trav\u00e9s de la web, el tratamiento de las tus datos personales, cuestiones referentes a los textos legales incluidos en la web, as\u00ed como cualesquiera otras consultas que puedas tener y que no est\u00e9n sujetas a las condiciones de contrataci\u00f3n. <\/p>\n<p>En el caso de las inscripciones a las diferentes actividades que se llevan a cabo en el municipio, solicitamos los datos que se requieren en cada caso<\/p>\n<p>Te informamos que los datos que nos facilites estar\u00e1n ubicados en los servidores de HOST EUROPE (proveedor de AYUNTAMIENTO DE VILANOVA DEL CAMINO) dentro de la UE.<\/p>\n<p>Existen otras finalidades por las que tratamos tus datos personales:<\/p>\n<p>\u2022 Para garantizar el cumplimiento de las condiciones de uso y la ley aplicable. Esto puede incluir el desarrollo de herramientas y algoritmos que ayuden a esta web a garantizar la confidencialidad de los datos personales que recoge.<br \/>\u2022 Para apoyar y mejorar los servicios que ofrece esta web.<br \/>\u2022 Tambi\u00e9n se recogen otros datos no identificativos que se obtienen mediante algunas cookies que se descargan en el ordenador del usuario cuando navega en esta web que detallamos en la pol\u00edtica de cookies.<br \/>\u2022 Para llevar a cabo las inscripciones online en las actividades que se llevan a cabo en el municipio<br \/>\u2022 Para gestionar las redes sociales. AYUNTAMIENTO DE VILANOVA DEL CAM\u00cd puede tener presencia en redes sociales. El tratamiento de los datos que se lleve a cabo de las personas que se hagan seguidoras en las redes sociales de las p\u00e1ginas oficiales de VILANOVAENLINIA.CAT, se regir\u00e1 por este apartado. As\u00ed como por aquellas condiciones de uso, pol\u00edticas de privacidad y normativas de acceso que pertenezcan a la red social que proceda en cada caso y previamente aceptadas por el usuario.    <\/p>\n<p>De acuerdo con lo que establece el reglamento general de protecci\u00f3n de datos europeo (RGPD) 2016\/679, AYUNTAMIENTO DE VILANOVA DEL CAMINO con domicilio en Plz. del Castell, 1. 08788 VILANOVA DEL CAM\u00cd (BARCELONA) ser\u00e1 responsable del tratamiento de los datos correspondientes a Usuarios de la web. <\/p>\n<p>AJUNTAMENT DE VILANOVA DEL CAM\u00cd no vende, alquila ni cede datos de car\u00e1cter personal que puedan identificar al usuario, ni lo har\u00e1 en el futuro, a terceros sin previo consentimiento. Sin embargo, en algunos casos se pueden realizar colaboraciones con otros profesionales, en estos casos, se requerir\u00e1 consentimiento de los usuarios informando sobre la identidad del colaborador y la finalidad de la colaboraci\u00f3n. Siempre se realizar\u00e1 con los m\u00e1s estrictos est\u00e1ndares de seguridad.  <\/p>\n<p><strong>Legitimaci\u00f3n para el tratamiento de tus datos<\/strong><\/p>\n<p><strong>La base legal para el tratamiento de tus datos es: el consentimiento.<\/strong><\/p>\n<p>Para contactar o comentar en esta web se requiere el consentimiento con esta pol\u00edtica de privacidad.<\/p>\n<p>La oferta prospectiva o comercial de productos y servicios est\u00e1 basada en el consentimiento que se le solicita, sin que en ning\u00fan caso la retirada de este consentimiento condicione la ejecuci\u00f3n del contrato de suscripci\u00f3n.<\/p>\n<p><strong>Categor\u00eda de datos recogidos<\/strong><\/p>\n<p>Las categor\u00edas de datos que se tratan son datos identificativos.<\/p>\n<p>En ning\u00fan caso se tratan categor\u00edas de datos especialmente protegidas, excepto en el caso de las inscripciones online a las diferentes actividades que se llevan a cabo en el municipio<\/p>\n<p><strong>\u00bfPor cu\u00e1nto tiempo conservaremos tus datos?<\/strong><\/p>\n<p>Los datos personales proporcionados se conservar\u00e1n hasta que no se solicite su supresi\u00f3n por el interesado.<\/p>\n<p><strong>\u00bfA qu\u00e9 destinatarios se comunicar\u00e1n sus datos?<\/strong><\/p>\n<p>Muchas herramientas que utilizamos para gestionar tus datos son contratadas a terceros.<\/p>\n<p>Para prestar servicios estrictamente necesarios para el desarrollo de la actividad, VILANOVAENLINIA.CAT, comparte datos con los siguientes prestamistas bajo sus correspondientes condiciones de privacidad:<\/p>\n<p><strong>\u2022 Google Analytics:<\/strong> Servicio anal\u00edtico prestado por Google, Inc., una compa\u00f1\u00eda de Delaware Oficina principal en 1600 Amphitheatre Parkway, Mountain View (California), CA 94043, Estados Unidos (\u00abGoogle\u00bb). Google Analytics utiliza \u00abcookies\u00bb, que son archivos de texto ubicados en tu ordenador, para ayudar a VILANOVAENLINIA.CAT a analizar el uso que hacen los usuarios del sitio web. La informaci\u00f3n que genera la cookie sobre su uso de VILANOVAENLINIA.CAT (incluyendo tu direcci\u00f3n IP) ser\u00e1 directamente transmitida y archivada por Google en los servidores de Estados Unidos.  <\/p>\n<p><strong>\u2022 Hosting: <\/strong>HOST EUROPE, S.L., con domicilio en avda. Coru\u00f1a, 36. 27003 LUGO (Espa\u00f1a) M\u00e1s informaci\u00f3n en: <a href=\"https:\/\/www.hosteurope.es\/\" target=\"_blank\" rel=\"noopener noreferrer nofollow\">https:\/\/www.hosteurope.es<\/a>HOST EUROPE, S.L., trata los datos con la finalidad de ofrecer sus servicios de hosting en AJUNTAMENT DE VILANOVA DEL CAMINO  <\/p>\n<p><strong>Navegaci\u00f3n<\/strong><\/p>\n<p>Al navegar por VILANOVAENLINIA.CAT se pueden recoger datos no identificables, que pueden incluir, direcciones IP, ubicaci\u00f3n geogr\u00e1fica (aproximadamente), un registro de c\u00f3mo se utilizan los servicios y sitios, y otros datos que no pueden ser utilizados para identificar el usuario. Entre los datos no identificativos est\u00e1n tambi\u00e9n los relacionados con tus h\u00e1bitos de navegaci\u00f3n a trav\u00e9s de servicios de terceros. Esta web utiliza los siguientes servicios de an\u00e1lisis de terceros (Google analytics)  <\/p>\n<p>Utilizamos esta informaci\u00f3n para analizar tendencias, administrar el sitio, rastrear los movimientos de los usuarios alrededor del sitio y para recopilar informaci\u00f3n demogr\u00e1fica sobre nuestra base de usuarios en su conjunto.<\/p>\n<p><strong>Secreto y seguridad de los datos<\/strong><\/p>\n<p>AJUNTAMENT DE VILANOVA DEL CAM\u00cd se compromete al uso y tratamiento de los datos incluidos personales de los usuarios, respetando su confidencialidad y a utilizarlos de acuerdo con la finalidad del mismo, as\u00ed como a dar cumplimiento a su obligaci\u00f3n de guardarlos y adoptar todas las medidas para evitar la alteraci\u00f3n, p\u00e9rdida, tratamiento o acceso no autorizado, de conformidad con lo establecido en la normativa vigente de protecci\u00f3n de datos.<\/p>\n<p>AJUNTAMENT DE VILANOVA DEL CAM\u00cd no puede garantizar la absoluta inexpugnabilidad de la red Internet y por tanto la violaci\u00f3n de los datos mediante accesos fraudulentos a ellos por parte de terceros.<\/p>\n<p>En cuanto a la confidencialidad del procesamiento, AJUNTAMENT DE VILANOVA DEL CAM\u00cd se asegurar\u00e1 de que cualquier persona que est\u00e9 autorizada por procesar los datos del usuario (incluido su personal, colaboradores y prestamistas), estar\u00e1 bajo la obligaci\u00f3n apropiada de confidencialidad (ya sea un deber contractual o legal).<\/p>\n<p>Cuando se presente alg\u00fan incidente de seguridad, al darse cuenta AJUNTAMENT DE VILANOVA DEL CAM\u00cd, debe notificarlo a los usuarios sin demoras indebidas y debe proporcionar informaci\u00f3n oportuna relacionada con el Incidente de Seguridad tal y como se conozca o cuando el usuario lo solicite razonablemente.<\/p>\n<p><strong>Exactitud y veracidad de los datos<\/strong><\/p>\n<p>Como usuario, eres el \u00fanico responsable de la veracidad y correcci\u00f3n de los datos que hagas llegar a VILANOVAENLINIA.CAT exonerando a AYUNTAMIENTO DE VILANOVA DEL CAM\u00cd, de cualquier responsabilidad al respecto.<\/p>\n<p>Los usuarios garantizan y responden, en cualquier caso, de la exactitud, vigencia y autenticidad de los datos personales facilitados, comprometi\u00e9ndose a mantenerlos debidamente actualizados. El usuario acepta proporcionar informaci\u00f3n completa y correcta en el formulario de contacto o suscripci\u00f3n. <\/p>\n<p><strong>Aceptaci\u00f3n y consentimiento<\/strong><\/p>\n<p>El usuario declara haber sido informado de las condiciones sobre protecci\u00f3n de datos de car\u00e1cter personal, aceptando y consintiendo el tratamiento de los mismos por parte de AJUNTAMENT DE VILANOVA DEL CAM\u00cd en la forma y para las finalidades indicadas en esta pol\u00edtica de privacidad.<\/p>\n<p><strong>Revocabilidad<\/strong><\/p>\n<p>El consentimiento prestado, tanto por el tratamiento como para la cesi\u00f3n de los datos de los interesados, es revocable en cualquier momento comunic\u00e1ndolo a AJUNTAMENT DE VILANOVA DEL CAM\u00cd en los t\u00e9rminos establecidos en esta Pol\u00edtica para el ejercicio de los derechos ARCO. Esta revocaci\u00f3n en ning\u00fan caso tendr\u00e1 car\u00e1cter retroactivo. <\/p>\n<p><strong>Cambios en la pol\u00edtica de privacidad<\/strong><\/p>\n<p>AJUNTAMENT DE VILANOVA DEL CAM\u00cd ese reserva el derecho a modificar la presente pol\u00edtica para adaptarla a novedades legislativas o jurisprudenciales, as\u00ed como a pr\u00e1cticas de la industria. En estos supuestos, AJUNTAMENT DE VILANOVA DEL CAM\u00cd anunciar\u00e1 en esta p\u00e1gina los cambios introducidos con razonable antelaci\u00f3n a su puesta en pr\u00e1ctica. <\/p>\n<p><strong>Correo electr\u00f3nico no deseado (Spam)<\/strong><\/p>\n<p>De acuerdo con la LSSICE, VILANOVAENLINIA.CAT no realiza pr\u00e1cticas de SPAM, por lo que no env\u00eda correos electr\u00f3nicos que no hayan sido previamente solicitados o autorizados por el usuario, o supongan la confirmaci\u00f3n de inscripci\u00f3n a alguna de las actividades que se llevan a cabo en el municipio<\/p>\n<p>Texto de Pol\u00edtica de privacidad y condiciones generales revisado el 01\/03\/2019<\/p>\n\t\t\t\t\t\t<\/div>\n\t\t\t\t<\/div>\n\t\t\t\t\t<\/div>\n\t\t\t\t<\/div>\n\t\t\t\t<\/div>\n\t\t","protected":false},"excerpt":{"rendered":"<p>Pol\u00edtica de privacidad y condiciones generales Dominio: www.vilanovaenlinia.catTitular: Ajuntament de Vilanova del Cam\u00edDirecci\u00f3n: Pl. del Castell, 1, 08788 &#8211; Vilanova del Cam\u00ed (Barcelona)Tel\u00e9fono: 93 805 44 22Fax: 93 805 42 90Correo electr\u00f3nico: info@vilanovaenlinia.catC.I.F: P-0830300-JDatos registrales: Registro de entes locales de la Generalidad de Catalu\u00f1a A efectos de lo previsto en el Reglamento General de Protecci\u00f3n [&hellip;]<\/p>\n","protected":false},"author":1,"featured_media":0,"parent":0,"menu_order":0,"comment_status":"closed","ping_status":"closed","template":"","meta":{"_acf_changed":false,"footnotes":""},"class_list":["post-837","page","type-page","status-publish","hentry"],"acf":[],"yoast_head":"<!-- This site is optimized with the Yoast SEO plugin v24.0 - https:\/\/yoast.com\/wordpress\/plugins\/seo\/ -->\n<title>Pol\u00edtica de privacidad y condiciones generales - Ajuntament de Vilanova del Cam\u00ed<\/title>\n<meta name=\"robots\" content=\"noindex, follow, max-snippet:-1, max-image-preview:large, max-video-preview:-1\" \/>\n<meta property=\"og:locale\" content=\"es_ES\" \/>\n<meta property=\"og:type\" content=\"article\" \/>\n<meta property=\"og:title\" content=\"Pol\u00edtica de privacidad y condiciones generales - Ajuntament de Vilanova del Cam\u00ed\" \/>\n<meta property=\"og:description\" content=\"Pol\u00edtica de privacidad y condiciones generales Dominio: www.vilanovaenlinia.catTitular: Ajuntament de Vilanova del Cam\u00edDirecci\u00f3n: Pl. del Castell, 1, 08788 &#8211; Vilanova del Cam\u00ed (Barcelona)Tel\u00e9fono: 93 805 44 22Fax: 93 805 42 90Correo electr\u00f3nico: info@vilanovaenlinia.catC.I.F: P-0830300-JDatos registrales: Registro de entes locales de la Generalidad de Catalu\u00f1a A efectos de lo previsto en el Reglamento General de Protecci\u00f3n [&hellip;]\" \/>\n<meta property=\"og:url\" content=\"https:\/\/prueba.barriotropical.com\/es\/politica-de-privacidad-y-condiciones-generales\/\" \/>\n<meta property=\"og:site_name\" content=\"Ajuntament de Vilanova del Cam\u00ed\" \/>\n<meta property=\"article:modified_time\" content=\"2024-12-04T12:19:23+00:00\" \/>\n<meta name=\"twitter:card\" content=\"summary_large_image\" \/>\n<meta name=\"twitter:label1\" content=\"Tiempo de lectura\" \/>\n\t<meta name=\"twitter:data1\" content=\"11 minutos\" \/>\n<script type=\"application\/ld+json\" class=\"yoast-schema-graph\">{\"@context\":\"https:\/\/schema.org\",\"@graph\":[{\"@type\":\"WebPage\",\"@id\":\"https:\/\/prueba.barriotropical.com\/es\/politica-de-privacidad-y-condiciones-generales\/\",\"url\":\"https:\/\/prueba.barriotropical.com\/es\/politica-de-privacidad-y-condiciones-generales\/\",\"name\":\"Pol\u00edtica de privacidad y condiciones generales - Ajuntament de Vilanova del Cam\u00ed\",\"isPartOf\":{\"@id\":\"https:\/\/prueba.barriotropical.com\/es\/#website\"},\"datePublished\":\"2024-10-25T08:30:51+00:00\",\"dateModified\":\"2024-12-04T12:19:23+00:00\",\"breadcrumb\":{\"@id\":\"https:\/\/prueba.barriotropical.com\/es\/politica-de-privacidad-y-condiciones-generales\/#breadcrumb\"},\"inLanguage\":\"es\",\"potentialAction\":[{\"@type\":\"ReadAction\",\"target\":[\"https:\/\/prueba.barriotropical.com\/es\/politica-de-privacidad-y-condiciones-generales\/\"]}]},{\"@type\":\"BreadcrumbList\",\"@id\":\"https:\/\/prueba.barriotropical.com\/es\/politica-de-privacidad-y-condiciones-generales\/#breadcrumb\",\"itemListElement\":[{\"@type\":\"ListItem\",\"position\":1,\"name\":\"Portada\",\"item\":\"https:\/\/prueba.barriotropical.com\/es\/\"},{\"@type\":\"ListItem\",\"position\":2,\"name\":\"Pol\u00edtica de privacidad y condiciones generales\"}]},{\"@type\":\"WebSite\",\"@id\":\"https:\/\/prueba.barriotropical.com\/es\/#website\",\"url\":\"https:\/\/prueba.barriotropical.com\/es\/\",\"name\":\"Ajuntament de Vilanova del Cam\u00ed\",\"description\":\"\",\"potentialAction\":[{\"@type\":\"SearchAction\",\"target\":{\"@type\":\"EntryPoint\",\"urlTemplate\":\"https:\/\/prueba.barriotropical.com\/es\/?s={search_term_string}\"},\"query-input\":{\"@type\":\"PropertyValueSpecification\",\"valueRequired\":true,\"valueName\":\"search_term_string\"}}],\"inLanguage\":\"es\"}]}<\/script>\n<!-- \/ Yoast SEO plugin. -->","yoast_head_json":{"title":"Pol\u00edtica de privacidad y condiciones generales - Ajuntament de Vilanova del Cam\u00ed","robots":{"index":"noindex","follow":"follow","max-snippet":"max-snippet:-1","max-image-preview":"max-image-preview:large","max-video-preview":"max-video-preview:-1"},"og_locale":"es_ES","og_type":"article","og_title":"Pol\u00edtica de privacidad y condiciones generales - Ajuntament de Vilanova del Cam\u00ed","og_description":"Pol\u00edtica de privacidad y condiciones generales Dominio: www.vilanovaenlinia.catTitular: Ajuntament de Vilanova del Cam\u00edDirecci\u00f3n: Pl. del Castell, 1, 08788 &#8211; Vilanova del Cam\u00ed (Barcelona)Tel\u00e9fono: 93 805 44 22Fax: 93 805 42 90Correo electr\u00f3nico: info@vilanovaenlinia.catC.I.F: P-0830300-JDatos registrales: Registro de entes locales de la Generalidad de Catalu\u00f1a A efectos de lo previsto en el Reglamento General de Protecci\u00f3n [&hellip;]","og_url":"https:\/\/prueba.barriotropical.com\/es\/politica-de-privacidad-y-condiciones-generales\/","og_site_name":"Ajuntament de Vilanova del Cam\u00ed","article_modified_time":"2024-12-04T12:19:23+00:00","twitter_card":"summary_large_image","twitter_misc":{"Tiempo de lectura":"11 minutos"},"schema":{"@context":"https:\/\/schema.org","@graph":[{"@type":"WebPage","@id":"https:\/\/prueba.barriotropical.com\/es\/politica-de-privacidad-y-condiciones-generales\/","url":"https:\/\/prueba.barriotropical.com\/es\/politica-de-privacidad-y-condiciones-generales\/","name":"Pol\u00edtica de privacidad y condiciones generales - Ajuntament de Vilanova del Cam\u00ed","isPartOf":{"@id":"https:\/\/prueba.barriotropical.com\/es\/#website"},"datePublished":"2024-10-25T08:30:51+00:00","dateModified":"2024-12-04T12:19:23+00:00","breadcrumb":{"@id":"https:\/\/prueba.barriotropical.com\/es\/politica-de-privacidad-y-condiciones-generales\/#breadcrumb"},"inLanguage":"es","potentialAction":[{"@type":"ReadAction","target":["https:\/\/prueba.barriotropical.com\/es\/politica-de-privacidad-y-condiciones-generales\/"]}]},{"@type":"BreadcrumbList","@id":"https:\/\/prueba.barriotropical.com\/es\/politica-de-privacidad-y-condiciones-generales\/#breadcrumb","itemListElement":[{"@type":"ListItem","position":1,"name":"Portada","item":"https:\/\/prueba.barriotropical.com\/es\/"},{"@type":"ListItem","position":2,"name":"Pol\u00edtica de privacidad y condiciones generales"}]},{"@type":"WebSite","@id":"https:\/\/prueba.barriotropical.com\/es\/#website","url":"https:\/\/prueba.barriotropical.com\/es\/","name":"Ajuntament de Vilanova del Cam\u00ed","description":"","potentialAction":[{"@type":"SearchAction","target":{"@type":"EntryPoint","urlTemplate":"https:\/\/prueba.barriotropical.com\/es\/?s={search_term_string}"},"query-input":{"@type":"PropertyValueSpecification","valueRequired":true,"valueName":"search_term_string"}}],"inLanguage":"es"}]}},"_links":{"self":[{"href":"https:\/\/prueba.barriotropical.com\/es\/wp-json\/wp\/v2\/pages\/837","targetHints":{"allow":["GET"]}}],"collection":[{"href":"https:\/\/prueba.barriotropical.com\/es\/wp-json\/wp\/v2\/pages"}],"about":[{"href":"https:\/\/prueba.barriotropical.com\/es\/wp-json\/wp\/v2\/types\/page"}],"author":[{"embeddable":true,"href":"https:\/\/prueba.barriotropical.com\/es\/wp-json\/wp\/v2\/users\/1"}],"replies":[{"embeddable":true,"href":"https:\/\/prueba.barriotropical.com\/es\/wp-json\/wp\/v2\/comments?post=837"}],"version-history":[{"count":1,"href":"https:\/\/prueba.barriotropical.com\/es\/wp-json\/wp\/v2\/pages\/837\/revisions"}],"predecessor-version":[{"id":838,"href":"https:\/\/prueba.barriotropical.com\/es\/wp-json\/wp\/v2\/pages\/837\/revisions\/838"}],"wp:attachment":[{"href":"https:\/\/prueba.barriotropical.com\/es\/wp-json\/wp\/v2\/media?parent=837"}],"curies":[{"name":"wp","href":"https:\/\/api.w.org\/{rel}","templated":true}]}}