{"id":835,"date":"2024-11-14T09:24:56","date_gmt":"2024-11-14T09:24:56","guid":{"rendered":"https:\/\/prueba.barriotropical.com\/politica-de-cookies\/"},"modified":"2024-12-04T12:06:12","modified_gmt":"2024-12-04T12:06:12","slug":"politica-de-cookies","status":"publish","type":"page","link":"https:\/\/prueba.barriotropical.com\/es\/politica-de-cookies\/","title":{"rendered":"Pol\u00edtica de cookies"},"content":{"rendered":"\t\t<div data-elementor-type=\"wp-page\" data-elementor-id=\"835\" class=\"elementor elementor-835 elementor-48\" data-elementor-post-type=\"page\">\n\t\t\t\t<div class=\"elementor-element elementor-element-dabf609 e-flex e-con-boxed qodef-elementor-content-no e-con e-parent\" data-id=\"dabf609\" data-element_type=\"container\" data-settings=\"{&quot;jet_parallax_layout_list&quot;:[]}\">\n\t\t\t\t\t<div class=\"e-con-inner\">\n\t\t\t\t<div class=\"elementor-element elementor-element-f020e79 elementor-widget elementor-widget-qi_addons_for_elementor_animated_text\" data-id=\"f020e79\" data-element_type=\"widget\" data-widget_type=\"qi_addons_for_elementor_animated_text.default\">\n\t\t\t\t<div class=\"elementor-widget-container\">\n\t\t\t<div class=\"qodef-shortcode qodef-m  qodef-qi-animated-text   qodef-qi--has-appear qodef--appear-from-bottom\" >\n\t\t<h2 class=\"qodef-m-title\">\n\t\tPol\u00edtica de cookies\t<\/h2>\n<\/div>\n\t\t<\/div>\n\t\t\t\t<\/div>\n\t\t\t\t<div class=\"elementor-element elementor-element-8fdc034 elementor-widget elementor-widget-text-editor\" data-id=\"8fdc034\" data-element_type=\"widget\" data-widget_type=\"text-editor.default\">\n\t\t\t\t<div class=\"elementor-widget-container\">\n\t\t\t\t\t\t\t<p>En esta p\u00e1gina web recogemos y utilizamos la informaci\u00f3n seg\u00fan se indica en nuestra <a href=\"https:\/\/vilanovaenlinia.cat\/politica-de-privacitat-i-condicions-generals\" target=\"_blank\" rel=\"noopener noreferrer nofollow\">Pol\u00edtica de privacidad y condiciones generales<\/a><\/p>\n<p>Una de las formas en las que recogemos informaci\u00f3n es a trav\u00e9s del uso de la tecnolog\u00eda llamada \u00abcookies\u00bb. En VILANOVAENLINIA.CAT se utilizan cookies para varias cosas: <\/p>\n<p><strong>\u00bfQu\u00e9 es una galleta o cookie?<\/strong><\/p>\n<p>Una \u00abcookie\u00bb es una peque\u00f1a cantidad de texto que se almacena en el navegador (como Chrome de Google o Safari de Apple) cuando navegas por la mayor\u00eda de los sitios web.<\/p>\n<p><strong>\u00bfQu\u00e9 NO es una galleta?<\/strong><\/p>\n<p>No es un virus, ni un troyano, ni un gusano, ni spam, ni spyware, ni abre ventanas pop-up.<\/p>\n<p><strong>\u00bfQu\u00e9 informaci\u00f3n almacena una cookie?<\/strong><\/p>\n<p>Las cookies no suelen almacenar informaci\u00f3n sensible sobre ti, como tarjetas de cr\u00e9dito o datos bancarios, fotograf\u00edas o informaci\u00f3n personal, etc. Los datos que guardan son de car\u00e1cter t\u00e9cnico, estad\u00edsticas, preferencias personales, personalizaci\u00f3n de contenidos, etc. <\/p>\n<p>El servidor web no le asocia a ti como persona sino a tu navegador web. De hecho, si navegas habitualmente con el navegador Chrome y pruebas a navegar por la misma web con el navegador Firefox, ver\u00e1s que la web no se da cuenta de que eres la misma persona porque en realidad est\u00e1 asociando la informaci\u00f3n al navegador, no a la persona . <\/p>\n<p><strong>\u00bfQu\u00e9 tipos de galletas hay?<\/strong><\/p>\n<ul>\n<li><strong>Cookies t\u00e9cnicas: <\/strong>Son las m\u00e1s elementales y permiten, entre otras cosas, saber cu\u00e1ndo est\u00e1 navegando un humano o una aplicaci\u00f3n automatizada, cu\u00e1ndo navega un usuario an\u00f3nimo y un registrado, tareas b\u00e1sicas para el funcionamiento de cualquier web din\u00e1mica.<\/li>\n<li><strong>Cookies de an\u00e1lisis:<\/strong> Recogen informaci\u00f3n sobre el tipo de navegaci\u00f3n que est\u00e1 realizando, las secciones que m\u00e1s utiliza, productos consultados, franja horaria de uso, idioma, etc.<\/li>\n<li><strong>Cookies publicitarias:<\/strong> Muestran publicidad en funci\u00f3n de su navegaci\u00f3n, su pa\u00eds de procedencia, idioma, etc.<\/li>\n<\/ul>\n<p><strong>\u00bfQu\u00e9 son las cookies propias y las de terceros?<\/strong><\/p>\n<p>Las propias cookies son las generadas por la p\u00e1gina que est\u00e1 visitando y las de terceros son las generadas por servicios o proveedores externos como Facebook, Twitter, Google analytics, etc.<\/p>\n<p><strong>\u00bfQu\u00e9 cookies utiliza vilanovaenlinia.cat?<\/strong><\/p>\n<p>Esta web utiliza cookies propias y de terceros. En este sitio web se utilizan las siguientes cookies que se detallan a continuaci\u00f3n: <\/p>\n<p><strong>Cookies propias son las siguientes.<\/strong><\/p>\n<p><strong>Preferencias:<\/strong> Estas cookies nos permiten recordar tu configuraci\u00f3n y preferencias, como el idioma favorito y la configuraci\u00f3n de privacidad.<\/p>\n<p><strong>Cookies de terceros<\/strong><\/p>\n<p>Esta web utiliza servicios de an\u00e1lisis, concretamente, Google Analytics para ayudar al website a analizar el uso que hacen los usuarios del sitio web y mejorar la usabilidad del mismo, pero en ning\u00fan caso se asocian a datos que pudieran llegar a identificarlo usuario. Google Analytics, es un servicio anal\u00edtico de web prestado por Google, Inc., el usuario puede consultar <a href=\"https:\/\/www.google.es\/intl\/es\/policies\/technologies\/types\/\" target=\"_blank\" rel=\"noopener noreferrer nofollow\">aqu\u00ed<\/a> el tipo de cookies utilizadas por Google. <\/p>\n<p>Las cookies de redes sociales pueden almacenarse en el navegador mientras navegas por cardiosos.com por ejemplo, cuando compartes alg\u00fan contenido de cardiosos.com en alguna red social. A continuaci\u00f3n tienes informaci\u00f3n sobre las cookies de las principales redes sociales <\/p>\n<ul>\n<li>Cookies de Facebook, ver m\u00e1s informaci\u00f3n en su <a href=\"https:\/\/www.facebook.com\/policies\/cookies\/\" target=\"_blank\" rel=\"noopener noreferrer nofollow\">pol\u00edtica de cookies<\/a><\/li>\n<li>Cookies de Twitter, ver m\u00e1s informaci\u00f3n en su <a href=\"https:\/\/twitter.com\/privacy\" target=\"_blank\" rel=\"noopener noreferrer nofollow\">pol\u00edtica de cookies<\/a><\/li>\n<li>Cookies de Instagram, ver m\u00e1s informaci\u00f3n en su <a href=\"https:\/\/www.facebook.com\/policies\/cookies\/\" target=\"_blank\" rel=\"noopener noreferrer nofollow\">pol\u00edtica de cookies<\/a><\/li>\n<li>Cookies de Google+, ver m\u00e1s informaci\u00f3n en su <a href=\"http:\/\/www.google.com\/intl\/es\/policies\/technologies\/types\/\" target=\"_blank\" rel=\"noopener noreferrer nofollow\">pol\u00edtica de cookies<\/a><\/li>\n<li>Cookies de Linkedin, ver m\u00e1s informaci\u00f3n en su <a href=\"https:\/\/www.linkedin.com\/legal\/cookie-policy?trk=hp-cookies\" target=\"_blank\" rel=\"noopener noreferrer nofollow\">pol\u00edtica de cookies<\/a><\/li>\n<li>Cookies de Youtube, ver m\u00e1s informaci\u00f3n en su <a href=\"http:\/\/www.google.com\/intl\/es\/policies\/technologies\/types\/\" target=\"_blank\" rel=\"noopener noreferrer nofollow\">pol\u00edtica de cookies<\/a><\/li>\n<\/ul>\n<p><strong>\u00bfSe pueden eliminar las cookies?<\/strong><\/p>\n<p>S\u00ed, y no s\u00f3lo eliminar, tambi\u00e9n bloquear, de forma general o particular para un dominio espec\u00edfico. Para eliminar las cookies de un sitio web debes ir a la configuraci\u00f3n de tu navegador y all\u00ed podr\u00e1s buscar las asociadas al dominio en cuesti\u00f3n y proceder a su eliminaci\u00f3n. <\/p>\n<ul>\n<li>Configuraci\u00f3n de galletas por <a href=\"http:\/\/support.google.com\/chrome\/bin\/answer.py?hl=es&amp;answer=95647\" target=\"_blank\" rel=\"noopener noreferrer nofollow\">Google Chrome<\/a><\/li>\n<li>Configuraci\u00f3n de galletas por <a href=\"https:\/\/support.apple.com\/es-es\/HT201265\" target=\"_blank\" rel=\"noopener noreferrer nofollow\">Apple Safari<\/a><\/li>\n<li>Configuraci\u00f3n de galletas por <a href=\"https:\/\/support.microsoft.com\/en-us\/help\/17442\/windows-internet-explorer-delete-manage-cookies#ie=ie-10\" target=\"_blank\" rel=\"noopener noreferrer nofollow\">Internet Explorer<\/a><\/li>\n<li>Configuraci\u00f3n de galletas por <a href=\"https:\/\/support.mozilla.org\/es\/kb\/habilitar-y-deshabilitar-cookies-sitios-web-rastrear-preferencias?redirectlocale=es&amp;redirectslug=habilitar-y-deshabilitar-cookies-que-los-sitios-we\" target=\"_blank\" rel=\"noopener noreferrer nofollow\">Mozilla Firefox<\/a><\/li>\n<\/ul>\n<p><strong>M\u00e1s informaci\u00f3n sobre las cookies<\/strong><\/p>\n<p>Puedes consultar el reglamento sobre cookies publicado por la Agencia Espa\u00f1ola de Protecci\u00f3n de Datos en su \u00abGu\u00eda sobre el uso de cookies\u00bb y obtener m\u00e1s informaci\u00f3n sobre las cookies en Internet, <a href=\"http:\/\/www.aboutcookies.org\/\" target=\"_blank\" rel=\"noopener noreferrer nofollow\">http:\/\/www.aboutcookies.org\/<\/a><\/p>\n<p>Si quieres tener un mayor control sobre la instalaci\u00f3n de cookies, puedes instalar programas o complementos en tu navegador, conocidos como herramientas de \u00abDo Not Track\u00bb, que te permitir\u00e1n escoger aquellas cookies que desees permitir.<\/p>\n<p>Esta pol\u00edtica de cookies ha sido actualizada por \u00faltima vez el 01\/03\/2018<\/p>\n\t\t\t\t\t\t<\/div>\n\t\t\t\t<\/div>\n\t\t\t\t\t<\/div>\n\t\t\t\t<\/div>\n\t\t\t\t<\/div>\n\t\t","protected":false},"excerpt":{"rendered":"<p>Pol\u00edtica de cookies En esta p\u00e1gina web recogemos y utilizamos la informaci\u00f3n seg\u00fan se indica en nuestra Pol\u00edtica de privacidad y condiciones generales Una de las formas en las que recogemos informaci\u00f3n es a trav\u00e9s del uso de la tecnolog\u00eda llamada \u00abcookies\u00bb. En VILANOVAENLINIA.CAT se utilizan cookies para varias cosas: \u00bfQu\u00e9 es una galleta o [&hellip;]<\/p>\n","protected":false},"author":1,"featured_media":0,"parent":0,"menu_order":0,"comment_status":"closed","ping_status":"closed","template":"","meta":{"_acf_changed":false,"footnotes":""},"class_list":["post-835","page","type-page","status-publish","hentry"],"acf":[],"yoast_head":"<!-- This site is optimized with the Yoast SEO plugin v24.0 - https:\/\/yoast.com\/wordpress\/plugins\/seo\/ -->\n<title>Pol\u00edtica de cookies - Ajuntament de Vilanova del Cam\u00ed<\/title>\n<meta name=\"robots\" content=\"noindex, follow, max-snippet:-1, max-image-preview:large, max-video-preview:-1\" \/>\n<meta property=\"og:locale\" content=\"es_ES\" \/>\n<meta property=\"og:type\" content=\"article\" \/>\n<meta property=\"og:title\" content=\"Pol\u00edtica de cookies - Ajuntament de Vilanova del Cam\u00ed\" \/>\n<meta property=\"og:description\" content=\"Pol\u00edtica de cookies En esta p\u00e1gina web recogemos y utilizamos la informaci\u00f3n seg\u00fan se indica en nuestra Pol\u00edtica de privacidad y condiciones generales Una de las formas en las que recogemos informaci\u00f3n es a trav\u00e9s del uso de la tecnolog\u00eda llamada \u00abcookies\u00bb. En VILANOVAENLINIA.CAT se utilizan cookies para varias cosas: \u00bfQu\u00e9 es una galleta o [&hellip;]\" \/>\n<meta property=\"og:url\" content=\"https:\/\/prueba.barriotropical.com\/es\/politica-de-cookies\/\" \/>\n<meta property=\"og:site_name\" content=\"Ajuntament de Vilanova del Cam\u00ed\" \/>\n<meta property=\"article:modified_time\" content=\"2024-12-04T12:06:12+00:00\" \/>\n<meta name=\"twitter:card\" content=\"summary_large_image\" \/>\n<meta name=\"twitter:label1\" content=\"Tiempo de lectura\" \/>\n\t<meta name=\"twitter:data1\" content=\"4 minutos\" \/>\n<script type=\"application\/ld+json\" class=\"yoast-schema-graph\">{\"@context\":\"https:\/\/schema.org\",\"@graph\":[{\"@type\":\"WebPage\",\"@id\":\"https:\/\/prueba.barriotropical.com\/es\/politica-de-cookies\/\",\"url\":\"https:\/\/prueba.barriotropical.com\/es\/politica-de-cookies\/\",\"name\":\"Pol\u00edtica de cookies - Ajuntament de Vilanova del Cam\u00ed\",\"isPartOf\":{\"@id\":\"https:\/\/prueba.barriotropical.com\/es\/#website\"},\"datePublished\":\"2024-11-14T09:24:56+00:00\",\"dateModified\":\"2024-12-04T12:06:12+00:00\",\"breadcrumb\":{\"@id\":\"https:\/\/prueba.barriotropical.com\/es\/politica-de-cookies\/#breadcrumb\"},\"inLanguage\":\"es\",\"potentialAction\":[{\"@type\":\"ReadAction\",\"target\":[\"https:\/\/prueba.barriotropical.com\/es\/politica-de-cookies\/\"]}]},{\"@type\":\"BreadcrumbList\",\"@id\":\"https:\/\/prueba.barriotropical.com\/es\/politica-de-cookies\/#breadcrumb\",\"itemListElement\":[{\"@type\":\"ListItem\",\"position\":1,\"name\":\"Portada\",\"item\":\"https:\/\/prueba.barriotropical.com\/es\/\"},{\"@type\":\"ListItem\",\"position\":2,\"name\":\"Pol\u00edtica de cookies\"}]},{\"@type\":\"WebSite\",\"@id\":\"https:\/\/prueba.barriotropical.com\/es\/#website\",\"url\":\"https:\/\/prueba.barriotropical.com\/es\/\",\"name\":\"Ajuntament de Vilanova del Cam\u00ed\",\"description\":\"\",\"potentialAction\":[{\"@type\":\"SearchAction\",\"target\":{\"@type\":\"EntryPoint\",\"urlTemplate\":\"https:\/\/prueba.barriotropical.com\/es\/?s={search_term_string}\"},\"query-input\":{\"@type\":\"PropertyValueSpecification\",\"valueRequired\":true,\"valueName\":\"search_term_string\"}}],\"inLanguage\":\"es\"}]}<\/script>\n<!-- \/ Yoast SEO plugin. -->","yoast_head_json":{"title":"Pol\u00edtica de cookies - Ajuntament de Vilanova del Cam\u00ed","robots":{"index":"noindex","follow":"follow","max-snippet":"max-snippet:-1","max-image-preview":"max-image-preview:large","max-video-preview":"max-video-preview:-1"},"og_locale":"es_ES","og_type":"article","og_title":"Pol\u00edtica de cookies - Ajuntament de Vilanova del Cam\u00ed","og_description":"Pol\u00edtica de cookies En esta p\u00e1gina web recogemos y utilizamos la informaci\u00f3n seg\u00fan se indica en nuestra Pol\u00edtica de privacidad y condiciones generales Una de las formas en las que recogemos informaci\u00f3n es a trav\u00e9s del uso de la tecnolog\u00eda llamada \u00abcookies\u00bb. En VILANOVAENLINIA.CAT se utilizan cookies para varias cosas: \u00bfQu\u00e9 es una galleta o [&hellip;]","og_url":"https:\/\/prueba.barriotropical.com\/es\/politica-de-cookies\/","og_site_name":"Ajuntament de Vilanova del Cam\u00ed","article_modified_time":"2024-12-04T12:06:12+00:00","twitter_card":"summary_large_image","twitter_misc":{"Tiempo de lectura":"4 minutos"},"schema":{"@context":"https:\/\/schema.org","@graph":[{"@type":"WebPage","@id":"https:\/\/prueba.barriotropical.com\/es\/politica-de-cookies\/","url":"https:\/\/prueba.barriotropical.com\/es\/politica-de-cookies\/","name":"Pol\u00edtica de cookies - Ajuntament de Vilanova del Cam\u00ed","isPartOf":{"@id":"https:\/\/prueba.barriotropical.com\/es\/#website"},"datePublished":"2024-11-14T09:24:56+00:00","dateModified":"2024-12-04T12:06:12+00:00","breadcrumb":{"@id":"https:\/\/prueba.barriotropical.com\/es\/politica-de-cookies\/#breadcrumb"},"inLanguage":"es","potentialAction":[{"@type":"ReadAction","target":["https:\/\/prueba.barriotropical.com\/es\/politica-de-cookies\/"]}]},{"@type":"BreadcrumbList","@id":"https:\/\/prueba.barriotropical.com\/es\/politica-de-cookies\/#breadcrumb","itemListElement":[{"@type":"ListItem","position":1,"name":"Portada","item":"https:\/\/prueba.barriotropical.com\/es\/"},{"@type":"ListItem","position":2,"name":"Pol\u00edtica de cookies"}]},{"@type":"WebSite","@id":"https:\/\/prueba.barriotropical.com\/es\/#website","url":"https:\/\/prueba.barriotropical.com\/es\/","name":"Ajuntament de Vilanova del Cam\u00ed","description":"","potentialAction":[{"@type":"SearchAction","target":{"@type":"EntryPoint","urlTemplate":"https:\/\/prueba.barriotropical.com\/es\/?s={search_term_string}"},"query-input":{"@type":"PropertyValueSpecification","valueRequired":true,"valueName":"search_term_string"}}],"inLanguage":"es"}]}},"_links":{"self":[{"href":"https:\/\/prueba.barriotropical.com\/es\/wp-json\/wp\/v2\/pages\/835","targetHints":{"allow":["GET"]}}],"collection":[{"href":"https:\/\/prueba.barriotropical.com\/es\/wp-json\/wp\/v2\/pages"}],"about":[{"href":"https:\/\/prueba.barriotropical.com\/es\/wp-json\/wp\/v2\/types\/page"}],"author":[{"embeddable":true,"href":"https:\/\/prueba.barriotropical.com\/es\/wp-json\/wp\/v2\/users\/1"}],"replies":[{"embeddable":true,"href":"https:\/\/prueba.barriotropical.com\/es\/wp-json\/wp\/v2\/comments?post=835"}],"version-history":[{"count":1,"href":"https:\/\/prueba.barriotropical.com\/es\/wp-json\/wp\/v2\/pages\/835\/revisions"}],"predecessor-version":[{"id":836,"href":"https:\/\/prueba.barriotropical.com\/es\/wp-json\/wp\/v2\/pages\/835\/revisions\/836"}],"wp:attachment":[{"href":"https:\/\/prueba.barriotropical.com\/es\/wp-json\/wp\/v2\/media?parent=835"}],"curies":[{"name":"wp","href":"https:\/\/api.w.org\/{rel}","templated":true}]}}