{"id":825,"date":"2024-11-14T09:24:20","date_gmt":"2024-11-14T09:24:20","guid":{"rendered":"https:\/\/prueba.barriotropical.com\/aviso-legal\/"},"modified":"2024-12-04T11:47:04","modified_gmt":"2024-12-04T11:47:04","slug":"aviso-legal","status":"publish","type":"page","link":"https:\/\/prueba.barriotropical.com\/es\/aviso-legal\/","title":{"rendered":"Aviso legal"},"content":{"rendered":"\t\t<div data-elementor-type=\"wp-page\" data-elementor-id=\"825\" class=\"elementor elementor-825 elementor-45\" data-elementor-post-type=\"page\">\n\t\t\t\t<div class=\"elementor-element elementor-element-ac9a493 e-flex e-con-boxed qodef-elementor-content-no e-con e-parent\" data-id=\"ac9a493\" data-element_type=\"container\" data-settings=\"{&quot;jet_parallax_layout_list&quot;:[]}\">\n\t\t\t\t\t<div class=\"e-con-inner\">\n\t\t\t\t<div class=\"elementor-element elementor-element-18f666f elementor-widget elementor-widget-qi_addons_for_elementor_animated_text\" data-id=\"18f666f\" data-element_type=\"widget\" data-widget_type=\"qi_addons_for_elementor_animated_text.default\">\n\t\t\t\t<div class=\"elementor-widget-container\">\n\t\t\t<div class=\"qodef-shortcode qodef-m  qodef-qi-animated-text   qodef-qi--has-appear qodef--appear-from-bottom\" >\n\t\t<h2 class=\"qodef-m-title\">\n\t\tAviso legal\t<\/h2>\n<\/div>\n\t\t<\/div>\n\t\t\t\t<\/div>\n\t\t\t\t<div class=\"elementor-element elementor-element-fcebb02 elementor-widget elementor-widget-text-editor\" data-id=\"fcebb02\" data-element_type=\"widget\" data-widget_type=\"text-editor.default\">\n\t\t\t\t<div class=\"elementor-widget-container\">\n\t\t\t\t\t\t\t<p><strong>Dominio:<\/strong> www.vilanovaenlinia.cat<br \/><strong>Titular:<\/strong> Ajuntament de Vilanova del Cam\u00ed<br \/><strong>Direcci\u00f3n:<\/strong> Pl. del Castell, 1, 08788 &#8211; Vilanova del Cam\u00ed (Barcelona)<br \/><strong>Tel\u00e9fono:<\/strong> 93 805 44 22<br \/><strong>Fax:<\/strong> 93 805 42 90<br \/><strong>Correo electr\u00f3nico:<\/strong> <span id=\"cloakdd973b1d4ab8e3798da857571e97092b\"><a href=\"mailto:info@vilanovaenlinia.cat\">info@vilanovaenlinia.cat<\/a><\/span><br \/><strong>C.I.F:<\/strong> P-0830300-J<br \/><strong>Datos registrales:<\/strong> Registro de entes locales de la Generalidad de Catalu\u00f1a<\/p>\n<p>En este espacio, el usuario, podr\u00e1 encontrar toda la informaci\u00f3n relativa a los t\u00e9rminos y condiciones legales que definen las relaciones entre los usuarios y AYUNTAMIENTO DE VILANOVA DEL CAMINO como responsable de esta web. Como usuario, es importante que conozcas estos t\u00e9rminos antes de continuar tu navegaci\u00f3n. <\/p>\n<p>AYUNTAMIENTO DE VILANOVA DEL CAM\u00cd como responsable de esta web, asume el compromiso de procesar la informaci\u00f3n de sus usuarios y clientes con plenas garant\u00edas y cumplir con los requisitos nacionales y europeos que regulan la recopilaci\u00f3n y uso de los datos personales de sus usuarios.<\/p>\n<p>Esta web, por tanto, cumple rigurosamente con La Ley Org\u00e1nica 15\/1999, de 13 de diciembre, de protecci\u00f3n de datos de car\u00e1cter personal (LOPD), y con el Real Decreto 1720\/2007, de 21 de diciembre, conocido como el Reglamento de desarrollo de la LOPD. Cumple tambi\u00e9n con el Reglamento (UE) 2016\/679 del Parlamento Europeo y del Consejo de 27 de abril de 2016 relativo a la protecci\u00f3n de las personas f\u00edsicas (RGPD), as\u00ed como con la Ley 34\/2002, de 11 de julio, de servicios de la Sociedad de la Informaci\u00f3n y Comercio Electr\u00f3nico (LSSICE o LSSI). <\/p>\n<p><strong>Condiciones generales de uso<\/strong><\/p>\n<p>Las presentes condiciones generales regulan el uso (incluyendo el simple acceso) de las p\u00e1ginas de la web, integrantes del sitio web de ALCALD\u00cdA DE VILANOVA DEL CAMINO incluidos los contenidos y servicios puestos a disposici\u00f3n a ellas. Toda persona que acceda a la web, AJUNTAMENT DE VILANOVA DEL CAMINO (\u00abusuario\u00bb) acepta someter a las Condiciones Generales vigentes en cada momento del portal vilanovaenlinia.cat <\/p>\n<p><strong>Datos personales que recaudamos y c\u00f3mo lo hacemos<\/strong><\/p>\n<p>Puede encontrar toda la informaci\u00f3n en la secci\u00f3n <a href=\"https:\/\/vilanovaenlinia.cat\/politica-de-privacitat-i-condicions-generals\" target=\"_blank\" rel=\"noopener noreferrer nofollow\">Pol\u00edtica de privacidad y condiciones generales<\/a><\/p>\n<p><strong>Compromisos y obligaciones de los usuarios<\/strong><\/p>\n<p>El usuario queda informado, y acepta, que el acceso a la presente web no supone, en modo alguno, el inicio de una relaci\u00f3n comercial con AYUNTAMIENTO DE VILANOVA DEL CAM\u00cd. De esta forma, el usuario se compromete a utilizar el sitio web, sus servicios y contenidos sin contravenir la legislaci\u00f3n vigente, la buena fe y el orden p\u00fablico. <\/p>\n<p>Queda prohibido el uso de la web, con fines il\u00edcitos o lesivos, o que, de cualquier forma, puedan causar perjuicio o impedir el normal funcionamiento del sitio web. Respecto a los contenidos de esta web, se proh\u00edbe: <\/p>\n<p>&#8211; Su reproducci\u00f3n, distribuci\u00f3n o modificaci\u00f3n, total o parcial, salvo que se cuente con mi autorizaci\u00f3n como leg\u00edtimo titular;<br \/>&#8211; Cualquier vulneraci\u00f3n de los derechos del prestamista o de AYUNTAMIENTO DE VILANOVA DEL CAM\u00cd como leg\u00edtimo titular;<br \/>&#8211; Su utilizaci\u00f3n para fines comerciales o publicitarios.<\/p>\n<p>En la utilizaci\u00f3n de la web vilanovaenlinia.cat el usuario se compromete a no llevar a cabo ninguna conducta que pudiera da\u00f1ar la imagen, los intereses y los derechos de o de terceros o que pudiera da\u00f1ar, inutilizar o sobrecargar el portal vilanovaenlinia.cat o que impida, de cualquier forma, la normal utilizaci\u00f3n de la web vilanovaenlinia.cat<\/p>\n<p>No obstante, el usuario debe ser consciente de que las medidas de seguridad de los sistemas inform\u00e1ticos en Internet no son enteramente fiables y que, por tanto, no puede garantizar la inexistencia de malware u otros elementos que puedan producir alteraciones en sistemas inform\u00e1ticos ( software y hardware) del usuario o en sus documentos electr\u00f3nicos y archivos contenidos en los mismos aunque AJUNTAMENT DE VILANOVA DEL CAM\u00cd pone todos los medios necesarios y las medidas de seguridad oportunas para evitar la presencia de estos elementos nocivos.<\/p>\n<p><strong>Medidas de seguridad<\/strong><\/p>\n<p>Los datos personales comunicados por el usuario a AJUNTAMENT DE VILANOVA DEL CAM\u00cd pueden ser almacenados en bases de datos automatizadas o no, la titularidad corresponde en exclusiva a AJUNTAMENT DE VILANOVA DEL CAM\u00cd, asumiendo \u00e9sta todas las medidas de \u00edndole t\u00e9cnica, organizativa y de seguridad que garantizan la confidencialidad, integridad y calidad de la informaci\u00f3n contenida en las mismas de acuerdo con lo que establece la normativa vigente en protecci\u00f3n de datos. La comunicaci\u00f3n entre los usuarios y un canal de seguridad utiliza un canal seguro. <\/p>\n<p><strong>Plataforma de resoluci\u00f3n de conflictos<\/strong><\/p>\n<p>Ponemos tambi\u00e9n a disposici\u00f3n de los usuarios la plataforma de resoluci\u00f3n de litigios que facilita la Comisi\u00f3n Europea y que se encuentra disponible en el siguiente enlace:<br \/><a href=\"http:\/\/ec.europa.eu\/consumers\/odr\/\" target=\"_blank\" rel=\"noopener noreferrer nofollow\">http:\/\/ec.europa.eu\/consumers\/odr\/<\/a><\/p>\n<p><strong>Derechos de propiedad intelectual e industrial<\/strong><\/p>\n<p>En virtud de lo dispuesto en los art\u00edculos 8 y 32.1, p\u00e1rrafo segundo, de la Ley de Propiedad Intelectual, quedan expresamente prohibidas la reproducci\u00f3n, distribuci\u00f3n y comunicaci\u00f3n p\u00fablica, incluida su modalidad de puesta a disposici\u00f3n, de la totalidad o parte de los contenidos de esta p\u00e1gina web, con fines comerciales, en cualquier soporte y por cualquier medio t\u00e9cnico, sin la autorizaci\u00f3n de AYUNTAMIENTO DE VILANOVA DEL CAMINO. El usuario se compromete a respetar los derechos de Propiedad Intelectual e Industrial titularidad de AYUNTAMIENTO DE VILANOVA DEL CAMINO. <\/p>\n<p>El usuario conoce y acepta que la totalidad del sitio web, conteniendo sin car\u00e1cter exhaustivo el texto, software, contenidos (incluyendo estructura, selecci\u00f3n, ordenaci\u00f3n y presentaci\u00f3n de los mismos) podcast, fotograf\u00edas, material audiovisual y gr\u00e1ficos, est\u00e1 protegida por marcas, derechos de autor y otros derechos leg\u00edtimos, de acuerdo con los tratados internacionales en los que Espa\u00f1a es parte y otros derechos de propiedad y leyes de Espa\u00f1a.<\/p>\n<p>En caso de que un usuario o un tercero consideren que se ha producido una violaci\u00f3n de sus leg\u00edtimos derechos de propiedad intelectual por la introducci\u00f3n de un determinado contenido en la web, deber\u00e1 notificar esta circunstancia a AYUNTAMIENTO DE VILANOVA DEL CAMINO indicando:<\/p>\n<p>&#8211; Datos personales del interesado titular de los derechos presuntamente infringidos, o indicar la representaci\u00f3n con la que act\u00faa en caso de que la reclamaci\u00f3n la presente un tercero distinto del interesado.<br \/>&#8211; Se\u00f1alar los contenidos protegidos por los derechos de propiedad intelectual y su ubicaci\u00f3n en la web, la acreditaci\u00f3n de los derechos de propiedad intelectual se\u00f1alados y declaraci\u00f3n expresa en la que el interesado se responsabiliza de la veracidad de las informaciones facilitadas en la web notificaci\u00f3n.<\/p>\n<p><strong>Enlaces externos<\/strong><\/p>\n<p>Las p\u00e1ginas de la web vilanovaenlinia.cat pueden proporcionar enlaces a otros sitios web y contenidos que son propiedad de terceros, pero en ning\u00fan caso AYUNTAMIENTO DE VILANOVA DEL CAMINO se hace responsable del contenido de estos sitios<\/p>\n<p><strong>Exclusi\u00f3n de garant\u00edas y responsable<\/strong><\/p>\n<p><strong>AJUNTAMENT DE VILANOVA DEL CAM\u00cd no otorga ninguna garant\u00eda ni se hace responsable, en ning\u00fan caso, de los da\u00f1os y perjuicios de cualquier tipo que se puedan derivar de:<\/strong><\/p>\n<p>&#8211; La falta de disponibilidad, mantenimiento y efectivo funcionamiento de la web, o de sus servicios y contenidos;<br \/>&#8211; La existencia de malware, programas maliciosos o lesivos en los contenidos;<br \/>&#8211; El uso il\u00edcito, negligente, fraudulento o contrario a este Aviso Legal;<br \/>&#8211; La falta de licitud, calidad, fiabilidad, utilidad y disponibilidad de los servicios prestados por terceros y puestos a disposici\u00f3n de los usuarios en el sitio web.<\/p>\n<p>El prestamista no se hace responsable bajo ning\u00fan concepto de los da\u00f1os que pudieran derivarse del uso ilegal o indebido de la presente p\u00e1gina web.<\/p>\n<p><strong>Ley aplicable y jurisdicci\u00f3n<\/strong><\/p>\n<p>Con car\u00e1cter general las relaciones entre AYUNTAMIENTO DE VILANOVA DEL CAM\u00cd con los usuarios de sus servicios telem\u00e1ticos, presentes en esta web se encuentran sometidas a la legislaci\u00f3n y jurisdicci\u00f3n espa\u00f1olas<\/p>\n<p><strong>Contacto<\/strong><\/p>\n<p>En caso de que cualquier usuario tuviera alguna duda sobre estas Condiciones legales o cualquier comentario sobre el portal AJUNTAMENT DE VILANOVA DEL CAM\u00cd, por favor dir\u00edjase a vilanovacvilanovadelcami.cat<\/p>\n<\/p>\n<p>Este Aviso legal ha sido actualizado por \u00faltima vez el 01\/03\/2019<\/p>\n\t\t\t\t\t\t<\/div>\n\t\t\t\t<\/div>\n\t\t\t\t\t<\/div>\n\t\t\t\t<\/div>\n\t\t\t\t<\/div>\n\t\t","protected":false},"excerpt":{"rendered":"<p>Aviso legal Dominio: www.vilanovaenlinia.catTitular: Ajuntament de Vilanova del Cam\u00edDirecci\u00f3n: Pl. del Castell, 1, 08788 &#8211; Vilanova del Cam\u00ed (Barcelona)Tel\u00e9fono: 93 805 44 22Fax: 93 805 42 90Correo electr\u00f3nico: info@vilanovaenlinia.catC.I.F: P-0830300-JDatos registrales: Registro de entes locales de la Generalidad de Catalu\u00f1a En este espacio, el usuario, podr\u00e1 encontrar toda la informaci\u00f3n relativa a los t\u00e9rminos y [&hellip;]<\/p>\n","protected":false},"author":1,"featured_media":0,"parent":0,"menu_order":0,"comment_status":"closed","ping_status":"closed","template":"","meta":{"_acf_changed":false,"footnotes":""},"class_list":["post-825","page","type-page","status-publish","hentry"],"acf":[],"yoast_head":"<!-- This site is optimized with the Yoast SEO plugin v24.0 - https:\/\/yoast.com\/wordpress\/plugins\/seo\/ -->\n<title>Aviso legal - Ajuntament de Vilanova del Cam\u00ed<\/title>\n<meta name=\"robots\" content=\"noindex, follow, max-snippet:-1, max-image-preview:large, max-video-preview:-1\" \/>\n<meta property=\"og:locale\" content=\"es_ES\" \/>\n<meta property=\"og:type\" content=\"article\" \/>\n<meta property=\"og:title\" content=\"Aviso legal - Ajuntament de Vilanova del Cam\u00ed\" \/>\n<meta property=\"og:description\" content=\"Aviso legal Dominio: www.vilanovaenlinia.catTitular: Ajuntament de Vilanova del Cam\u00edDirecci\u00f3n: Pl. del Castell, 1, 08788 &#8211; Vilanova del Cam\u00ed (Barcelona)Tel\u00e9fono: 93 805 44 22Fax: 93 805 42 90Correo electr\u00f3nico: info@vilanovaenlinia.catC.I.F: P-0830300-JDatos registrales: Registro de entes locales de la Generalidad de Catalu\u00f1a En este espacio, el usuario, podr\u00e1 encontrar toda la informaci\u00f3n relativa a los t\u00e9rminos y [&hellip;]\" \/>\n<meta property=\"og:url\" content=\"https:\/\/prueba.barriotropical.com\/es\/aviso-legal\/\" \/>\n<meta property=\"og:site_name\" content=\"Ajuntament de Vilanova del Cam\u00ed\" \/>\n<meta property=\"article:modified_time\" content=\"2024-12-04T11:47:04+00:00\" \/>\n<meta name=\"twitter:card\" content=\"summary_large_image\" \/>\n<meta name=\"twitter:label1\" content=\"Tiempo de lectura\" \/>\n\t<meta name=\"twitter:data1\" content=\"7 minutos\" \/>\n<script type=\"application\/ld+json\" class=\"yoast-schema-graph\">{\"@context\":\"https:\/\/schema.org\",\"@graph\":[{\"@type\":\"WebPage\",\"@id\":\"https:\/\/prueba.barriotropical.com\/es\/aviso-legal\/\",\"url\":\"https:\/\/prueba.barriotropical.com\/es\/aviso-legal\/\",\"name\":\"Aviso legal - Ajuntament de Vilanova del Cam\u00ed\",\"isPartOf\":{\"@id\":\"https:\/\/prueba.barriotropical.com\/es\/#website\"},\"datePublished\":\"2024-11-14T09:24:20+00:00\",\"dateModified\":\"2024-12-04T11:47:04+00:00\",\"breadcrumb\":{\"@id\":\"https:\/\/prueba.barriotropical.com\/es\/aviso-legal\/#breadcrumb\"},\"inLanguage\":\"es\",\"potentialAction\":[{\"@type\":\"ReadAction\",\"target\":[\"https:\/\/prueba.barriotropical.com\/es\/aviso-legal\/\"]}]},{\"@type\":\"BreadcrumbList\",\"@id\":\"https:\/\/prueba.barriotropical.com\/es\/aviso-legal\/#breadcrumb\",\"itemListElement\":[{\"@type\":\"ListItem\",\"position\":1,\"name\":\"Portada\",\"item\":\"https:\/\/prueba.barriotropical.com\/es\/\"},{\"@type\":\"ListItem\",\"position\":2,\"name\":\"Aviso legal\"}]},{\"@type\":\"WebSite\",\"@id\":\"https:\/\/prueba.barriotropical.com\/es\/#website\",\"url\":\"https:\/\/prueba.barriotropical.com\/es\/\",\"name\":\"Ajuntament de Vilanova del Cam\u00ed\",\"description\":\"\",\"potentialAction\":[{\"@type\":\"SearchAction\",\"target\":{\"@type\":\"EntryPoint\",\"urlTemplate\":\"https:\/\/prueba.barriotropical.com\/es\/?s={search_term_string}\"},\"query-input\":{\"@type\":\"PropertyValueSpecification\",\"valueRequired\":true,\"valueName\":\"search_term_string\"}}],\"inLanguage\":\"es\"}]}<\/script>\n<!-- \/ Yoast SEO plugin. -->","yoast_head_json":{"title":"Aviso legal - Ajuntament de Vilanova del Cam\u00ed","robots":{"index":"noindex","follow":"follow","max-snippet":"max-snippet:-1","max-image-preview":"max-image-preview:large","max-video-preview":"max-video-preview:-1"},"og_locale":"es_ES","og_type":"article","og_title":"Aviso legal - Ajuntament de Vilanova del Cam\u00ed","og_description":"Aviso legal Dominio: www.vilanovaenlinia.catTitular: Ajuntament de Vilanova del Cam\u00edDirecci\u00f3n: Pl. del Castell, 1, 08788 &#8211; Vilanova del Cam\u00ed (Barcelona)Tel\u00e9fono: 93 805 44 22Fax: 93 805 42 90Correo electr\u00f3nico: info@vilanovaenlinia.catC.I.F: P-0830300-JDatos registrales: Registro de entes locales de la Generalidad de Catalu\u00f1a En este espacio, el usuario, podr\u00e1 encontrar toda la informaci\u00f3n relativa a los t\u00e9rminos y [&hellip;]","og_url":"https:\/\/prueba.barriotropical.com\/es\/aviso-legal\/","og_site_name":"Ajuntament de Vilanova del Cam\u00ed","article_modified_time":"2024-12-04T11:47:04+00:00","twitter_card":"summary_large_image","twitter_misc":{"Tiempo de lectura":"7 minutos"},"schema":{"@context":"https:\/\/schema.org","@graph":[{"@type":"WebPage","@id":"https:\/\/prueba.barriotropical.com\/es\/aviso-legal\/","url":"https:\/\/prueba.barriotropical.com\/es\/aviso-legal\/","name":"Aviso legal - Ajuntament de Vilanova del Cam\u00ed","isPartOf":{"@id":"https:\/\/prueba.barriotropical.com\/es\/#website"},"datePublished":"2024-11-14T09:24:20+00:00","dateModified":"2024-12-04T11:47:04+00:00","breadcrumb":{"@id":"https:\/\/prueba.barriotropical.com\/es\/aviso-legal\/#breadcrumb"},"inLanguage":"es","potentialAction":[{"@type":"ReadAction","target":["https:\/\/prueba.barriotropical.com\/es\/aviso-legal\/"]}]},{"@type":"BreadcrumbList","@id":"https:\/\/prueba.barriotropical.com\/es\/aviso-legal\/#breadcrumb","itemListElement":[{"@type":"ListItem","position":1,"name":"Portada","item":"https:\/\/prueba.barriotropical.com\/es\/"},{"@type":"ListItem","position":2,"name":"Aviso legal"}]},{"@type":"WebSite","@id":"https:\/\/prueba.barriotropical.com\/es\/#website","url":"https:\/\/prueba.barriotropical.com\/es\/","name":"Ajuntament de Vilanova del Cam\u00ed","description":"","potentialAction":[{"@type":"SearchAction","target":{"@type":"EntryPoint","urlTemplate":"https:\/\/prueba.barriotropical.com\/es\/?s={search_term_string}"},"query-input":{"@type":"PropertyValueSpecification","valueRequired":true,"valueName":"search_term_string"}}],"inLanguage":"es"}]}},"_links":{"self":[{"href":"https:\/\/prueba.barriotropical.com\/es\/wp-json\/wp\/v2\/pages\/825","targetHints":{"allow":["GET"]}}],"collection":[{"href":"https:\/\/prueba.barriotropical.com\/es\/wp-json\/wp\/v2\/pages"}],"about":[{"href":"https:\/\/prueba.barriotropical.com\/es\/wp-json\/wp\/v2\/types\/page"}],"author":[{"embeddable":true,"href":"https:\/\/prueba.barriotropical.com\/es\/wp-json\/wp\/v2\/users\/1"}],"replies":[{"embeddable":true,"href":"https:\/\/prueba.barriotropical.com\/es\/wp-json\/wp\/v2\/comments?post=825"}],"version-history":[{"count":1,"href":"https:\/\/prueba.barriotropical.com\/es\/wp-json\/wp\/v2\/pages\/825\/revisions"}],"predecessor-version":[{"id":826,"href":"https:\/\/prueba.barriotropical.com\/es\/wp-json\/wp\/v2\/pages\/825\/revisions\/826"}],"wp:attachment":[{"href":"https:\/\/prueba.barriotropical.com\/es\/wp-json\/wp\/v2\/media?parent=825"}],"curies":[{"name":"wp","href":"https:\/\/api.w.org\/{rel}","templated":true}]}}