{"id":818,"date":"2024-11-24T15:20:51","date_gmt":"2024-11-24T15:20:51","guid":{"rendered":"https:\/\/prueba.barriotropical.com\/proyectos-municipales\/"},"modified":"2024-12-04T11:21:34","modified_gmt":"2024-12-04T11:21:34","slug":"proyectos-municipales","status":"publish","type":"page","link":"https:\/\/prueba.barriotropical.com\/es\/proyectos-municipales\/","title":{"rendered":"Proyectos Municipales"},"content":{"rendered":"\t\t<div data-elementor-type=\"wp-page\" data-elementor-id=\"818\" class=\"elementor elementor-818 elementor-403\" data-elementor-post-type=\"page\">\n\t\t\t\t<div class=\"elementor-element elementor-element-8dadafb e-flex e-con-boxed qodef-elementor-content-no e-con e-parent\" data-id=\"8dadafb\" data-element_type=\"container\" data-settings=\"{&quot;jet_parallax_layout_list&quot;:[]}\">\n\t\t\t\t\t<div class=\"e-con-inner\">\n\t\t\t\t<div class=\"elementor-element elementor-element-1a91310 elementor-widget elementor-widget-image\" data-id=\"1a91310\" data-element_type=\"widget\" data-widget_type=\"image.default\">\n\t\t\t\t<div class=\"elementor-widget-container\">\n\t\t\t\t\t\t\t\t\t\t\t\t\t<img fetchpriority=\"high\" decoding=\"async\" width=\"800\" height=\"95\" src=\"https:\/\/prueba.barriotropical.com\/wp-content\/uploads\/2024\/11\/SDG_website_banner_S-1024x122.png\" class=\"attachment-large size-large wp-image-376\" alt=\"\" srcset=\"https:\/\/prueba.barriotropical.com\/wp-content\/uploads\/2024\/11\/SDG_website_banner_S-1024x122.png 1024w, https:\/\/prueba.barriotropical.com\/wp-content\/uploads\/2024\/11\/SDG_website_banner_S-600x71.png 600w, https:\/\/prueba.barriotropical.com\/wp-content\/uploads\/2024\/11\/SDG_website_banner_S-300x36.png 300w, https:\/\/prueba.barriotropical.com\/wp-content\/uploads\/2024\/11\/SDG_website_banner_S-768x91.png 768w, https:\/\/prueba.barriotropical.com\/wp-content\/uploads\/2024\/11\/SDG_website_banner_S-1536x183.png 1536w, https:\/\/prueba.barriotropical.com\/wp-content\/uploads\/2024\/11\/SDG_website_banner_S.png 1683w\" sizes=\"(max-width: 800px) 100vw, 800px\" \/>\t\t\t\t\t\t\t\t\t\t\t\t\t<\/div>\n\t\t\t\t<\/div>\n\t\t\t\t\t<\/div>\n\t\t\t\t<\/div>\n\t\t<div class=\"elementor-element elementor-element-fe4e319 e-flex e-con-boxed qodef-elementor-content-no e-con e-parent\" data-id=\"fe4e319\" data-element_type=\"container\" data-settings=\"{&quot;jet_parallax_layout_list&quot;:[]}\">\n\t\t\t\t\t<div class=\"e-con-inner\">\n\t\t\t\t<div class=\"elementor-element elementor-element-b454d0c elementor-widget elementor-widget-heading\" data-id=\"b454d0c\" data-element_type=\"widget\" data-widget_type=\"heading.default\">\n\t\t\t\t<div class=\"elementor-widget-container\">\n\t\t\t<h2 class=\"elementor-heading-title elementor-size-default\">PROYECTOS MUNICIPALES<\/h2>\t\t<\/div>\n\t\t\t\t<\/div>\n\t\t\t\t<div class=\"elementor-element elementor-element-0a94128 elementor-widget elementor-widget-text-editor\" data-id=\"0a94128\" data-element_type=\"widget\" data-widget_type=\"text-editor.default\">\n\t\t\t\t<div class=\"elementor-widget-container\">\n\t\t\t\t\t\t\t<p class=\"p1\">La Agenda 2030 es un plan global impulsado por Naciones Unidas con el objetivo de construir un futuro m\u00e1s sostenible, justo e inclusivo para todos. Fue aprobada en 2015 por 193 pa\u00edses, y contiene 17 Objetivos de Desarrollo <span style=\"color: var( --e-global-color-text ); font-family: var( --e-global-typography-text-font-family ), Sans-serif; font-size: var( --e-global-typography-text-font-size ); font-weight: var( --e-global-typography-text-font-weight ); text-align: var(--text-align);\">Sostenible (ODS), que son retos comunes para combatir la pobreza, reducir las<\/span> <span style=\"color: var( --e-global-color-text ); font-family: var( --e-global-typography-text-font-family ), Sans-serif; font-size: var( --e-global-typography-text-font-size ); font-weight: var( --e-global-typography-text-font-weight ); text-align: var(--text-align);\">desigualdades, luchar contra el cambio clim\u00e1tico y garantizar el bienestar de las personas<\/span><\/p>\n<p class=\"p1\">y del planeta.<\/p>\n<p class=\"p1\">Cada ODS se desglosa en metas concretas que abarcan \u00e1mbitos como <span style=\"color: var( --e-global-color-text ); font-family: var( --e-global-typography-text-font-family ), Sans-serif; font-size: var( --e-global-typography-text-font-size ); font-weight: var( --e-global-typography-text-font-weight ); text-align: var(--text-align);\">la salud, la educaci\u00f3n, el trabajo digno, la igualdad de g\u00e9nero, la energ\u00eda limpia o la protecci\u00f3n<\/span> <span style=\"color: var( --e-global-color-text ); font-family: var( --e-global-typography-text-font-family ), Sans-serif; font-size: var( --e-global-typography-text-font-size ); font-weight: var( --e-global-typography-text-font-weight ); text-align: var(--text-align);\">de los ecosistemas. La Agenda 2030 no s\u00f3lo propone acciones a los gobiernos, sino <\/span><span style=\"color: var( --e-global-color-text ); font-family: var( --e-global-typography-text-font-family ), Sans-serif; font-size: var( --e-global-typography-text-font-size ); font-weight: var( --e-global-typography-text-font-weight ); text-align: var(--text-align);\">que busca la implicaci\u00f3n de toda la sociedad: ciudadanos, empresas, entidades y <\/span><span style=\"color: var( --e-global-color-text ); font-family: var( --e-global-typography-text-font-family ), Sans-serif; font-size: var( --e-global-typography-text-font-size ); font-weight: var( --e-global-typography-text-font-weight ); text-align: var(--text-align);\">instituciones. Es un esfuerzo colectivo que requiere la colaboraci\u00f3n de todos por <\/span><span style=\"color: var( --e-global-color-text ); font-family: var( --e-global-typography-text-font-family ), Sans-serif; font-size: var( --e-global-typography-text-font-size ); font-weight: var( --e-global-typography-text-font-weight ); text-align: var(--text-align);\">conseguir resultados.<\/span><\/p>\n<p class=\"p1\">La Agenda 2030 marca una ruta hacia un futuro mejor, donde todos podemos participar <span style=\"color: var( --e-global-color-text ); font-family: var( --e-global-typography-text-font-family ), Sans-serif; font-size: var( --e-global-typography-text-font-size ); font-weight: var( --e-global-typography-text-font-weight ); text-align: var(--text-align);\">activamente. A trav\u00e9s de acciones locales y peque\u00f1as decisiones, sumamos para crear un <\/span><span style=\"color: var( --e-global-color-text ); font-family: var( --e-global-typography-text-font-family ), Sans-serif; font-size: var( --e-global-typography-text-font-size ); font-weight: var( --e-global-typography-text-font-weight ); text-align: var(--text-align);\">impacto global positivo y duradero. Es una oportunidad para transformar el nuestro <\/span><span style=\"color: var( --e-global-color-text ); font-family: var( --e-global-typography-text-font-family ), Sans-serif; font-size: var( --e-global-typography-text-font-size ); font-weight: var( --e-global-typography-text-font-weight ); text-align: var(--text-align);\">entorno y asegurar un planeta m\u00e1s equitativo y sostenible para las<\/span> <span style=\"color: var( --e-global-color-text ); font-family: var( --e-global-typography-text-font-family ), Sans-serif; font-size: var( --e-global-typography-text-font-size ); font-weight: var( --e-global-typography-text-font-weight ); text-align: var(--text-align);\">generaciones futuras.<\/span><\/p>\n\t\t\t\t\t\t<\/div>\n\t\t\t\t<\/div>\n\t\t\t\t<div class=\"elementor-element elementor-element-dcc3899 elementor-widget elementor-widget-button\" data-id=\"dcc3899\" data-element_type=\"widget\" data-widget_type=\"button.default\">\n\t\t\t\t<div class=\"elementor-widget-container\">\n\t\t\t\t\t\t\t<div class=\"elementor-button-wrapper\">\n\t\t\t\t\t<a class=\"elementor-button elementor-button-link elementor-size-sm\" href=\"#\">\n\t\t\t\t\t\t<span class=\"elementor-button-content-wrapper\">\n\t\t\t\t\t\t\t\t\t<span class=\"elementor-button-text\">Descarga la agenda 2030 de Vilanova del Cam\u00ed<\/span>\n\t\t\t\t\t<\/span>\n\t\t\t\t\t<\/a>\n\t\t\t\t<\/div>\n\t\t\t\t\t\t<\/div>\n\t\t\t\t<\/div>\n\t\t\t\t\t<\/div>\n\t\t\t\t<\/div>\n\t\t\t\t<\/div>\n\t\t","protected":false},"excerpt":{"rendered":"<p>PROYECTOS MUNICIPALES La Agenda 2030 es un plan global impulsado por Naciones Unidas con el objetivo de construir un futuro m\u00e1s sostenible, justo e inclusivo para todos. Fue aprobada en 2015 por 193 pa\u00edses, y contiene 17 Objetivos de Desarrollo Sostenible (ODS), que son retos comunes para combatir la pobreza, reducir las desigualdades, luchar contra [&hellip;]<\/p>\n","protected":false},"author":1,"featured_media":0,"parent":0,"menu_order":0,"comment_status":"closed","ping_status":"closed","template":"","meta":{"_acf_changed":false,"footnotes":""},"class_list":["post-818","page","type-page","status-publish","hentry"],"acf":[],"yoast_head":"<!-- This site is optimized with the Yoast SEO plugin v24.0 - https:\/\/yoast.com\/wordpress\/plugins\/seo\/ -->\n<title>Proyectos Municipales - Ajuntament de Vilanova del Cam\u00ed<\/title>\n<meta name=\"robots\" content=\"noindex, follow, max-snippet:-1, max-image-preview:large, max-video-preview:-1\" \/>\n<meta property=\"og:locale\" content=\"es_ES\" \/>\n<meta property=\"og:type\" content=\"article\" \/>\n<meta property=\"og:title\" content=\"Proyectos Municipales - Ajuntament de Vilanova del Cam\u00ed\" \/>\n<meta property=\"og:description\" content=\"PROYECTOS MUNICIPALES La Agenda 2030 es un plan global impulsado por Naciones Unidas con el objetivo de construir un futuro m\u00e1s sostenible, justo e inclusivo para todos. Fue aprobada en 2015 por 193 pa\u00edses, y contiene 17 Objetivos de Desarrollo Sostenible (ODS), que son retos comunes para combatir la pobreza, reducir las desigualdades, luchar contra [&hellip;]\" \/>\n<meta property=\"og:url\" content=\"https:\/\/prueba.barriotropical.com\/es\/proyectos-municipales\/\" \/>\n<meta property=\"og:site_name\" content=\"Ajuntament de Vilanova del Cam\u00ed\" \/>\n<meta property=\"article:modified_time\" content=\"2024-12-04T11:21:34+00:00\" \/>\n<meta property=\"og:image\" content=\"https:\/\/prueba.barriotropical.com\/wp-content\/uploads\/2024\/11\/SDG_website_banner_S-1024x122.png\" \/>\n<meta name=\"twitter:card\" content=\"summary_large_image\" \/>\n<meta name=\"twitter:label1\" content=\"Tiempo de lectura\" \/>\n\t<meta name=\"twitter:data1\" content=\"1 minuto\" \/>\n<script type=\"application\/ld+json\" class=\"yoast-schema-graph\">{\"@context\":\"https:\/\/schema.org\",\"@graph\":[{\"@type\":\"WebPage\",\"@id\":\"https:\/\/prueba.barriotropical.com\/es\/proyectos-municipales\/\",\"url\":\"https:\/\/prueba.barriotropical.com\/es\/proyectos-municipales\/\",\"name\":\"Proyectos Municipales - Ajuntament de Vilanova del Cam\u00ed\",\"isPartOf\":{\"@id\":\"https:\/\/prueba.barriotropical.com\/es\/#website\"},\"primaryImageOfPage\":{\"@id\":\"https:\/\/prueba.barriotropical.com\/es\/proyectos-municipales\/#primaryimage\"},\"image\":{\"@id\":\"https:\/\/prueba.barriotropical.com\/es\/proyectos-municipales\/#primaryimage\"},\"thumbnailUrl\":\"https:\/\/prueba.barriotropical.com\/wp-content\/uploads\/2024\/11\/SDG_website_banner_S-1024x122.png\",\"datePublished\":\"2024-11-24T15:20:51+00:00\",\"dateModified\":\"2024-12-04T11:21:34+00:00\",\"breadcrumb\":{\"@id\":\"https:\/\/prueba.barriotropical.com\/es\/proyectos-municipales\/#breadcrumb\"},\"inLanguage\":\"es\",\"potentialAction\":[{\"@type\":\"ReadAction\",\"target\":[\"https:\/\/prueba.barriotropical.com\/es\/proyectos-municipales\/\"]}]},{\"@type\":\"ImageObject\",\"inLanguage\":\"es\",\"@id\":\"https:\/\/prueba.barriotropical.com\/es\/proyectos-municipales\/#primaryimage\",\"url\":\"https:\/\/prueba.barriotropical.com\/wp-content\/uploads\/2024\/11\/SDG_website_banner_S-1024x122.png\",\"contentUrl\":\"https:\/\/prueba.barriotropical.com\/wp-content\/uploads\/2024\/11\/SDG_website_banner_S-1024x122.png\"},{\"@type\":\"BreadcrumbList\",\"@id\":\"https:\/\/prueba.barriotropical.com\/es\/proyectos-municipales\/#breadcrumb\",\"itemListElement\":[{\"@type\":\"ListItem\",\"position\":1,\"name\":\"Portada\",\"item\":\"https:\/\/prueba.barriotropical.com\/es\/\"},{\"@type\":\"ListItem\",\"position\":2,\"name\":\"Proyectos Municipales\"}]},{\"@type\":\"WebSite\",\"@id\":\"https:\/\/prueba.barriotropical.com\/es\/#website\",\"url\":\"https:\/\/prueba.barriotropical.com\/es\/\",\"name\":\"Ajuntament de Vilanova del Cam\u00ed\",\"description\":\"\",\"potentialAction\":[{\"@type\":\"SearchAction\",\"target\":{\"@type\":\"EntryPoint\",\"urlTemplate\":\"https:\/\/prueba.barriotropical.com\/es\/?s={search_term_string}\"},\"query-input\":{\"@type\":\"PropertyValueSpecification\",\"valueRequired\":true,\"valueName\":\"search_term_string\"}}],\"inLanguage\":\"es\"}]}<\/script>\n<!-- \/ Yoast SEO plugin. -->","yoast_head_json":{"title":"Proyectos Municipales - Ajuntament de Vilanova del Cam\u00ed","robots":{"index":"noindex","follow":"follow","max-snippet":"max-snippet:-1","max-image-preview":"max-image-preview:large","max-video-preview":"max-video-preview:-1"},"og_locale":"es_ES","og_type":"article","og_title":"Proyectos Municipales - Ajuntament de Vilanova del Cam\u00ed","og_description":"PROYECTOS MUNICIPALES La Agenda 2030 es un plan global impulsado por Naciones Unidas con el objetivo de construir un futuro m\u00e1s sostenible, justo e inclusivo para todos. Fue aprobada en 2015 por 193 pa\u00edses, y contiene 17 Objetivos de Desarrollo Sostenible (ODS), que son retos comunes para combatir la pobreza, reducir las desigualdades, luchar contra [&hellip;]","og_url":"https:\/\/prueba.barriotropical.com\/es\/proyectos-municipales\/","og_site_name":"Ajuntament de Vilanova del Cam\u00ed","article_modified_time":"2024-12-04T11:21:34+00:00","og_image":[{"url":"https:\/\/prueba.barriotropical.com\/wp-content\/uploads\/2024\/11\/SDG_website_banner_S-1024x122.png","type":"","width":"","height":""}],"twitter_card":"summary_large_image","twitter_misc":{"Tiempo de lectura":"1 minuto"},"schema":{"@context":"https:\/\/schema.org","@graph":[{"@type":"WebPage","@id":"https:\/\/prueba.barriotropical.com\/es\/proyectos-municipales\/","url":"https:\/\/prueba.barriotropical.com\/es\/proyectos-municipales\/","name":"Proyectos Municipales - Ajuntament de Vilanova del Cam\u00ed","isPartOf":{"@id":"https:\/\/prueba.barriotropical.com\/es\/#website"},"primaryImageOfPage":{"@id":"https:\/\/prueba.barriotropical.com\/es\/proyectos-municipales\/#primaryimage"},"image":{"@id":"https:\/\/prueba.barriotropical.com\/es\/proyectos-municipales\/#primaryimage"},"thumbnailUrl":"https:\/\/prueba.barriotropical.com\/wp-content\/uploads\/2024\/11\/SDG_website_banner_S-1024x122.png","datePublished":"2024-11-24T15:20:51+00:00","dateModified":"2024-12-04T11:21:34+00:00","breadcrumb":{"@id":"https:\/\/prueba.barriotropical.com\/es\/proyectos-municipales\/#breadcrumb"},"inLanguage":"es","potentialAction":[{"@type":"ReadAction","target":["https:\/\/prueba.barriotropical.com\/es\/proyectos-municipales\/"]}]},{"@type":"ImageObject","inLanguage":"es","@id":"https:\/\/prueba.barriotropical.com\/es\/proyectos-municipales\/#primaryimage","url":"https:\/\/prueba.barriotropical.com\/wp-content\/uploads\/2024\/11\/SDG_website_banner_S-1024x122.png","contentUrl":"https:\/\/prueba.barriotropical.com\/wp-content\/uploads\/2024\/11\/SDG_website_banner_S-1024x122.png"},{"@type":"BreadcrumbList","@id":"https:\/\/prueba.barriotropical.com\/es\/proyectos-municipales\/#breadcrumb","itemListElement":[{"@type":"ListItem","position":1,"name":"Portada","item":"https:\/\/prueba.barriotropical.com\/es\/"},{"@type":"ListItem","position":2,"name":"Proyectos Municipales"}]},{"@type":"WebSite","@id":"https:\/\/prueba.barriotropical.com\/es\/#website","url":"https:\/\/prueba.barriotropical.com\/es\/","name":"Ajuntament de Vilanova del Cam\u00ed","description":"","potentialAction":[{"@type":"SearchAction","target":{"@type":"EntryPoint","urlTemplate":"https:\/\/prueba.barriotropical.com\/es\/?s={search_term_string}"},"query-input":{"@type":"PropertyValueSpecification","valueRequired":true,"valueName":"search_term_string"}}],"inLanguage":"es"}]}},"_links":{"self":[{"href":"https:\/\/prueba.barriotropical.com\/es\/wp-json\/wp\/v2\/pages\/818","targetHints":{"allow":["GET"]}}],"collection":[{"href":"https:\/\/prueba.barriotropical.com\/es\/wp-json\/wp\/v2\/pages"}],"about":[{"href":"https:\/\/prueba.barriotropical.com\/es\/wp-json\/wp\/v2\/types\/page"}],"author":[{"embeddable":true,"href":"https:\/\/prueba.barriotropical.com\/es\/wp-json\/wp\/v2\/users\/1"}],"replies":[{"embeddable":true,"href":"https:\/\/prueba.barriotropical.com\/es\/wp-json\/wp\/v2\/comments?post=818"}],"version-history":[{"count":1,"href":"https:\/\/prueba.barriotropical.com\/es\/wp-json\/wp\/v2\/pages\/818\/revisions"}],"predecessor-version":[{"id":819,"href":"https:\/\/prueba.barriotropical.com\/es\/wp-json\/wp\/v2\/pages\/818\/revisions\/819"}],"wp:attachment":[{"href":"https:\/\/prueba.barriotropical.com\/es\/wp-json\/wp\/v2\/media?parent=818"}],"curies":[{"name":"wp","href":"https:\/\/api.w.org\/{rel}","templated":true}]}}