{"id":813,"date":"2024-11-14T09:23:37","date_gmt":"2024-11-14T09:23:37","guid":{"rendered":"https:\/\/prueba.barriotropical.com\/reserva-de-equipamientos\/"},"modified":"2024-12-04T11:18:10","modified_gmt":"2024-12-04T11:18:10","slug":"reserva-de-equipamientos","status":"publish","type":"page","link":"https:\/\/prueba.barriotropical.com\/es\/reserva-de-equipamientos\/","title":{"rendered":"Reserva de equipamientos"},"content":{"rendered":"\t\t<div data-elementor-type=\"wp-page\" data-elementor-id=\"813\" class=\"elementor elementor-813 elementor-41\" data-elementor-post-type=\"page\">\n\t\t\t\t<div class=\"elementor-element elementor-element-045f276 e-flex e-con-boxed qodef-elementor-content-no e-con e-parent\" data-id=\"045f276\" data-element_type=\"container\" data-settings=\"{&quot;background_background&quot;:&quot;classic&quot;,&quot;jet_parallax_layout_list&quot;:[]}\">\n\t\t\t\t\t<div class=\"e-con-inner\">\n\t\t\t\t<div class=\"elementor-element elementor-element-f2f0436 elementor-widget elementor-widget-qi_addons_for_elementor_animated_text\" data-id=\"f2f0436\" data-element_type=\"widget\" data-widget_type=\"qi_addons_for_elementor_animated_text.default\">\n\t\t\t\t<div class=\"elementor-widget-container\">\n\t\t\t<div class=\"qodef-shortcode qodef-m  qodef-qi-animated-text qodef--animated-by-word  qodef-qi--has-appear qodef--appear-from-bottom\" >\n\t\t<h1 class=\"qodef-m-title\">\n\t\t<span class=\"qodef-e-word\">PISTAS<\/span> <span class=\"qodef-e-word\">DE<\/span> <span class=\"qodef-e-word\">P\u00c1DEL<\/span>\t<\/h1>\n<\/div>\n\t\t<\/div>\n\t\t\t\t<\/div>\n\t\t\t\t\t<\/div>\n\t\t\t\t<\/div>\n\t\t<div class=\"elementor-element elementor-element-f56360d e-flex e-con-boxed qodef-elementor-content-no e-con e-parent\" data-id=\"f56360d\" data-element_type=\"container\" data-settings=\"{&quot;jet_parallax_layout_list&quot;:[]}\">\n\t\t\t\t\t<div class=\"e-con-inner\">\n\t\t<div class=\"elementor-element elementor-element-5577b7f e-con-full e-flex qodef-elementor-content-no e-con e-child\" data-id=\"5577b7f\" data-element_type=\"container\" data-settings=\"{&quot;sticky&quot;:&quot;top&quot;,&quot;sticky_on&quot;:[&quot;widescreen&quot;,&quot;desktop&quot;,&quot;laptop&quot;,&quot;tablet_extra&quot;,&quot;tablet&quot;,&quot;mobile_extra&quot;],&quot;sticky_offset&quot;:40,&quot;sticky_offset_mobile&quot;:0,&quot;sticky_parent&quot;:&quot;yes&quot;,&quot;jet_parallax_layout_list&quot;:[],&quot;sticky_effects_offset&quot;:0,&quot;sticky_anchor_link_offset&quot;:0}\">\n\t\t\t\t<div class=\"elementor-element elementor-element-1b8a9d1 elementor-widget elementor-widget-image\" data-id=\"1b8a9d1\" data-element_type=\"widget\" data-widget_type=\"image.default\">\n\t\t\t\t<div class=\"elementor-widget-container\">\n\t\t\t\t\t\t\t\t\t\t\t\t\t<img fetchpriority=\"high\" decoding=\"async\" width=\"800\" height=\"384\" src=\"https:\/\/prueba.barriotropical.com\/wp-content\/uploads\/2024\/11\/pistes-de-padel-1024x492.jpg\" class=\"attachment-large size-large wp-image-111\" alt=\"\" srcset=\"https:\/\/prueba.barriotropical.com\/wp-content\/uploads\/2024\/11\/pistes-de-padel-1024x492.jpg 1024w, https:\/\/prueba.barriotropical.com\/wp-content\/uploads\/2024\/11\/pistes-de-padel-600x288.jpg 600w, https:\/\/prueba.barriotropical.com\/wp-content\/uploads\/2024\/11\/pistes-de-padel-300x144.jpg 300w, https:\/\/prueba.barriotropical.com\/wp-content\/uploads\/2024\/11\/pistes-de-padel-768x369.jpg 768w, https:\/\/prueba.barriotropical.com\/wp-content\/uploads\/2024\/11\/pistes-de-padel.jpg 1222w\" sizes=\"(max-width: 800px) 100vw, 800px\" \/>\t\t\t\t\t\t\t\t\t\t\t\t\t<\/div>\n\t\t\t\t<\/div>\n\t\t\t\t<\/div>\n\t\t<div class=\"elementor-element elementor-element-da404cf e-con-full e-flex qodef-elementor-content-no e-con e-child\" data-id=\"da404cf\" data-element_type=\"container\" data-settings=\"{&quot;jet_parallax_layout_list&quot;:[]}\">\n\t\t\t\t<div class=\"elementor-element elementor-element-dcf32a1 elementor-widget elementor-widget-heading\" data-id=\"dcf32a1\" data-element_type=\"widget\" data-widget_type=\"heading.default\">\n\t\t\t\t<div class=\"elementor-widget-container\">\n\t\t\t<h2 class=\"elementor-heading-title elementor-size-default\">PISTAS DE P\u00c1DEL<\/h2>\t\t<\/div>\n\t\t\t\t<\/div>\n\t\t\t\t<div class=\"elementor-element elementor-element-98f7d9d elementor-widget elementor-widget-text-editor\" data-id=\"98f7d9d\" data-element_type=\"widget\" data-widget_type=\"text-editor.default\">\n\t\t\t\t<div class=\"elementor-widget-container\">\n\t\t\t\t\t\t\t<p class=\"p1\">Tercer trimestre 2024<\/p>\n\t\t\t\t\t\t<\/div>\n\t\t\t\t<\/div>\n\t\t\t\t<div class=\"elementor-element elementor-element-bd6f250 elementor-widget elementor-widget-text-editor\" data-id=\"bd6f250\" data-element_type=\"widget\" data-widget_type=\"text-editor.default\">\n\t\t\t\t<div class=\"elementor-widget-container\">\n\t\t\t\t\t\t\t<p class=\"p1\">Lunes, mi\u00e9rcoles y viernes de 15:30 a 20:30 h.<\/p>\n<p class=\"p1\">Martes y jueves de 10:00 a 12:00 h. (Seg\u00fan calendario) <\/p>\n\t\t\t\t\t\t<\/div>\n\t\t\t\t<\/div>\n\t\t\t\t<div class=\"elementor-element elementor-element-bada5f5 elementor-widget elementor-widget-text-editor\" data-id=\"bada5f5\" data-element_type=\"widget\" data-widget_type=\"text-editor.default\">\n\t\t\t\t<div class=\"elementor-widget-container\">\n\t\t\t\t\t\t\t<p class=\"p1\">Precio: Ma\u00f1anas: 5\u20ac\/persona (20\u20ac\/reserva) &#8211; Tardes: 6\u20ac\/persona (24\u20ac\/reserva)<\/p>\n\t\t\t\t\t\t<\/div>\n\t\t\t\t<\/div>\n\t\t\t\t<div class=\"elementor-element elementor-element-3b51748 elementor-widget elementor-widget-text-editor\" data-id=\"3b51748\" data-element_type=\"widget\" data-widget_type=\"text-editor.default\">\n\t\t\t\t<div class=\"elementor-widget-container\">\n\t\t\t\t\t\t\t<p class=\"p1\">Vestidores colectivos del polideportivo (seg\u00fan disponibilidad). Hay que quitar las bolsas despu\u00e9s de cambiarse. Cuando hayas realizado y pagado tu reserva, acude al polideportivo Can Tit\u00f3 y acreditate con tu DNI al personal de la instalaci\u00f3n, para que te faciliten el acceso y muestra la reserva.  <\/p>\n\t\t\t\t\t\t<\/div>\n\t\t\t\t<\/div>\n\t\t\t\t<div class=\"elementor-element elementor-element-2281084 elementor-widget elementor-widget-text-editor\" data-id=\"2281084\" data-element_type=\"widget\" data-widget_type=\"text-editor.default\">\n\t\t\t\t<div class=\"elementor-widget-container\">\n\t\t\t\t\t\t\t<p class=\"p1\">Respeta la instalaci\u00f3n y comunica cualquier incidencia<\/p>\n\t\t\t\t\t\t<\/div>\n\t\t\t\t<\/div>\n\t\t\t\t<div class=\"elementor-element elementor-element-89833f7 elementor-widget elementor-widget-text-editor\" data-id=\"89833f7\" data-element_type=\"widget\" data-widget_type=\"text-editor.default\">\n\t\t\t\t<div class=\"elementor-widget-container\">\n\t\t\t\t\t\t\t<p class=\"p1\">Normas:<\/p>\n\t\t\t\t\t\t<\/div>\n\t\t\t\t<\/div>\n\t\t\t\t<div class=\"elementor-element elementor-element-4317000 elementor-icon-list--layout-traditional elementor-list-item-link-full_width elementor-widget elementor-widget-icon-list\" data-id=\"4317000\" data-element_type=\"widget\" data-widget_type=\"icon-list.default\">\n\t\t\t\t<div class=\"elementor-widget-container\">\n\t\t\t\t\t<ul class=\"elementor-icon-list-items\">\n\t\t\t\t\t\t\t<li class=\"elementor-icon-list-item\">\n\t\t\t\t\t\t\t\t\t\t<span class=\"elementor-icon-list-text\">\u2022 Puerta calzado deportivo con suela de goma (sin tacos)<\/span>\n\t\t\t\t\t\t\t\t\t<\/li>\n\t\t\t\t\t\t\t\t<li class=\"elementor-icon-list-item\">\n\t\t\t\t\t\t\t\t\t\t<span class=\"elementor-icon-list-text\">\u2022 Se recomienda que lo lleves en una bolsa o bien te sacudas los zapatos antes de entrar (para no entrar barro y polvo en las pistas)<\/span>\n\t\t\t\t\t\t\t\t\t<\/li>\n\t\t\t\t\t\t\t\t<li class=\"elementor-icon-list-item\">\n\t\t\t\t\t\t\t\t\t\t<span class=\"elementor-icon-list-text\">\u2022 Llevar ropa deportiva y material espec\u00edfico de p\u00e1del<\/span>\n\t\t\t\t\t\t\t\t\t<\/li>\n\t\t\t\t\t\t\t\t<li class=\"elementor-icon-list-item\">\n\t\t\t\t\t\t\t\t\t\t<span class=\"elementor-icon-list-text\">\u2022 No se pueden utilizar las pistas para otras actividades o juegos<\/span>\n\t\t\t\t\t\t\t\t\t<\/li>\n\t\t\t\t\t\t\t\t<li class=\"elementor-icon-list-item\">\n\t\t\t\t\t\t\t\t\t\t<span class=\"elementor-icon-list-text\">\u2022 No se pueden entrar botellas de vidrio. Se puede llevar el agua en botellas tapadas <\/span>\n\t\t\t\t\t\t\t\t\t<\/li>\n\t\t\t\t\t\t\t\t<li class=\"elementor-icon-list-item\">\n\t\t\t\t\t\t\t\t\t\t<span class=\"elementor-icon-list-text\">\u2022 No se permite fumar ni comer en las pistas<\/span>\n\t\t\t\t\t\t\t\t\t<\/li>\n\t\t\t\t\t\t\t\t<li class=\"elementor-icon-list-item\">\n\t\t\t\t\t\t\t\t\t\t<span class=\"elementor-icon-list-text\">\u2022 Cuando te vayas no dejes basura en la pista. Recoge tus pertenencias y cierra correctamente <\/span>\n\t\t\t\t\t\t\t\t\t<\/li>\n\t\t\t\t\t\t\t\t<li class=\"elementor-icon-list-item\">\n\t\t\t\t\t\t\t\t\t\t<span class=\"elementor-icon-list-text\">\u2022 Los practicantes que reservan la pista declaran tener salud y estar capacitados para hacer deporte<\/span>\n\t\t\t\t\t\t\t\t\t<\/li>\n\t\t\t\t\t\t<\/ul>\n\t\t\t\t<\/div>\n\t\t\t\t<\/div>\n\t\t\t\t<div class=\"elementor-element elementor-element-cfbb538 elementor-widget elementor-widget-text-editor\" data-id=\"cfbb538\" data-element_type=\"widget\" data-widget_type=\"text-editor.default\">\n\t\t\t\t<div class=\"elementor-widget-container\">\n\t\t\t\t\t\t\t<p class=\"p1\">El Ayuntamiento no se hace responsable de las posibles incidencias f\u00edsicas de los practicantes<\/p>\n\t\t\t\t\t\t<\/div>\n\t\t\t\t<\/div>\n\t\t\t\t<div class=\"elementor-element elementor-element-592f6f3 elementor-widget elementor-widget-jet-engine-booking-form\" data-id=\"592f6f3\" data-element_type=\"widget\" data-widget_type=\"jet-engine-booking-form.default\">\n\t\t\t\t<div class=\"elementor-widget-container\">\n\t\t\t<form  class=\"jet-form layout-column submit-type-reload\" action=\"\/es\/wp-json\/wp\/v2\/pages\/813?jet_engine_action=book&#038;nocache=1775333298\" method=\"POST\" data-form-id=\"593\"><input class=\"jet-form__field hidden-field\" type=\"hidden\" name=\"_jet_engine_booking_service_id\" value=\"813\" data-field-name=\"_jet_engine_booking_service_id\"><input class=\"jet-form__field hidden-field\" type=\"hidden\" name=\"_jet_engine_booking_form_id\" value=\"593\" data-field-name=\"_jet_engine_booking_form_id\"><input class=\"jet-form__field hidden-field\" type=\"hidden\" name=\"_jet_engine_refer\" value=\"https:\/\/prueba.barriotropical.com\/es\/wp-json\/wp\/v2\/pages\/813\/\" data-field-name=\"_jet_engine_refer\"><div  class=\"jet-form-row jet-form-row--hidden\"><div class=\"jet-form-col jet-form-col-12  field-type-hidden  jet-form-field-container\" data-field=\"service_id\" data-conditional=\"false\"><input class=\"jet-form__field hidden-field\" type=\"hidden\" name=\"service_id\" value=\"813\" data-field-name=\"service_id\"><\/div><\/div><div  class=\"jet-form-row jet-form-row--first-visible\"><div class=\"jet-form-col jet-form-col-12  field-type-select  jet-form-field-container\" data-field=\"field_name\" data-conditional=\"false\"><select  required=\"required\" name=\"field_name\" data-field-name=\"field_name\" id=\"field_name\" data-default-val=\"\" class=\"jet-form__field select-field\"><option value=\"626\" >Pista de Padel 2<\/option><option value=\"591\" >Pista de Padel 1<\/option><\/select><\/div><\/div><div  class=\"jet-form-row\"><div class=\"jet-form-col jet-form-col-12  field-type-text  jet-form-field-container\" data-field=\"field_nom_cognoms\" data-conditional=\"false\"><input class=\"jet-form__field text-field \" placeholder=\"Nom i cognoms\" value=\"\" required=\"required\" name=\"field_nom_cognoms\" id=\"field_nom_cognoms\" type=\"text\" data-field-name=\"field_nom_cognoms\"><\/div><\/div><div  class=\"jet-form-row\"><div class=\"jet-form-col jet-form-col-12  field-type-number  jet-form-field-container\" data-field=\"field_nie\" data-conditional=\"false\"><input type=\"number\" class=\"jet-form__field text-field\" placeholder=\"NIE \/ NIF\" value=\"\" required=\"required\" step=\"1\" name=\"field_nie\" data-field-name=\"field_nie\" id=\"field_nie\"><\/div><\/div><div  class=\"jet-form-row\"><div class=\"jet-form-col jet-form-col-12  field-type-text  jet-form-field-container\" data-field=\"user_email\" data-conditional=\"false\"><input class=\"jet-form__field text-field \" placeholder=\"Correu electr\u00f2nic\" value=\"\" required=\"required\" name=\"user_email\" id=\"user_email\" type=\"email\" data-field-name=\"user_email\"><\/div><\/div><div  class=\"jet-form-row\"><div class=\"jet-form-col jet-form-col-12  field-type-text  jet-form-field-container\" data-field=\"field_telefono\" data-conditional=\"false\"><input class=\"jet-form__field text-field \" placeholder=\"Tel\u00e8fon\" value=\"\" required=\"required\" name=\"field_telefono\" id=\"field_telefono\" type=\"tel\" data-field-name=\"field_telefono\"><\/div><\/div><div  class=\"jet-form-row\"><div class=\"jet-form-col jet-form-col-12  field-type-appointment_date  jet-form-field-container\" data-field=\"appointment_date\" data-conditional=\"false\"><div class=\"jet-apb-calendar-wrapper\">\n\t<div class=\"appointment-calendar jet-apb-calendar\" data-args=\"{&quot;booking_type&quot;:&quot;slot&quot;,&quot;excludedDates&quot;:[],&quot;datesMode&quot;:&quot;override_full&quot;,&quot;worksDates&quot;:[],&quot;datesRange&quot;:{&quot;start&quot;:0,&quot;end&quot;:0},&quot;availableWeekDays&quot;:[&quot;monday&quot;,&quot;tuesday&quot;,&quot;thursday&quot;,&quot;friday&quot;],&quot;service&quot;:{&quot;id&quot;:813},&quot;providerIsset&quot;:false,&quot;provider&quot;:false,&quot;inputName&quot;:&quot;appointment_date&quot;,&quot;isRequired&quot;:true,&quot;allowedServices&quot;:false}\"><\/div>\n\n\t\t<div class=\"jet-apb-calendar-appointments-list-wrapper\" style=\"display: none\">\n\t\t<div class=\"jet-form__heading\">\n\t\t\t<span class=\"jet-form__label-text\">Detalles de la reserva:<\/span>\n\t\t<\/div>\n\t\t<div class=\"jet-apb-calendar-appointments-list\"><\/div>\n\t<\/div>\n\t<div class=\"jet-apb-calendar-notification\" style=\"display: none\">\n\t\t<div class=\"jet-apb-calendar-notification-service\">Por favor, seleccione el servicio primero.<\/div>\n\t\t<div class=\"jet-apb-calendar-notification-provider\">Por favor, seleccione primero el proveedor.<\/div>\n\t\t<div class=\"jet-apb-calendar-notification-service-field\">Por favor, configure el campo de servicio para el calendario actual<\/div>\n\t\t<div class=\"jet-apb-calendar-notification-max-slots\">Lo sentimos, ya ha alcanzado el n\u00famero m\u00e1ximo de citas.<\/div>\n\t<\/div>\n<\/div>\n<\/div><\/div><div  class=\"jet-form-row\"><div class=\"jet-form-col jet-form-col-12  field-type-textarea  jet-form-field-container\" data-field=\"field_comentaris\" data-conditional=\"false\"><textarea class=\"jet-form__field textarea-field\" placeholder=\"Comentaris\" required=\"required\" name=\"field_comentaris\" data-field-name=\"field_comentaris\" id=\"field_comentaris\"><\/textarea><\/div><\/div><div  class=\"jet-form-row jet-form-row--submit\"><div class=\"jet-form-col jet-form-col-12  field-type-submit  jet-form-field-container\" data-field=\"Submit\" data-conditional=\"false\"><div class=\"jet-form__submit-wrap\">\n\t\t<button class=\"jet-form__submit submit-type-reload\" type=\"submit\">Reserva ara<\/button>\n<\/div><\/div><\/div><input class=\"jet-form__field hidden-field\" type=\"hidden\" name=\"_jet_engine_nonce\" value=\"f155f4be05\" data-field-name=\"_jet_engine_nonce\"><\/form>\t\t<\/div>\n\t\t\t\t<\/div>\n\t\t\t\t<\/div>\n\t\t\t\t\t<\/div>\n\t\t\t\t<\/div>\n\t\t\t\t<\/div>\n\t\t","protected":false},"excerpt":{"rendered":"<p>PISTAS DE P\u00c1DEL PISTAS DE P\u00c1DEL Tercer trimestre 2024 Lunes, mi\u00e9rcoles y viernes de 15:30 a 20:30 h. Martes y jueves de 10:00 a 12:00 h. (Seg\u00fan calendario) Precio: Ma\u00f1anas: 5\u20ac\/persona (20\u20ac\/reserva) &#8211; Tardes: 6\u20ac\/persona (24\u20ac\/reserva) Vestidores colectivos del polideportivo (seg\u00fan disponibilidad). Hay que quitar las bolsas despu\u00e9s de cambiarse. Cuando hayas realizado y pagado [&hellip;]<\/p>\n","protected":false},"author":1,"featured_media":0,"parent":0,"menu_order":0,"comment_status":"closed","ping_status":"closed","template":"","meta":{"_acf_changed":false,"footnotes":""},"class_list":["post-813","page","type-page","status-publish","hentry"],"acf":[],"yoast_head":"<!-- This site is optimized with the Yoast SEO plugin v24.0 - https:\/\/yoast.com\/wordpress\/plugins\/seo\/ -->\n<title>Reserva de equipamientos - Ajuntament de Vilanova del Cam\u00ed<\/title>\n<meta name=\"robots\" content=\"noindex, follow, max-snippet:-1, max-image-preview:large, max-video-preview:-1\" \/>\n<meta property=\"og:locale\" content=\"es_ES\" \/>\n<meta property=\"og:type\" content=\"article\" \/>\n<meta property=\"og:title\" content=\"Reserva de equipamientos - Ajuntament de Vilanova del Cam\u00ed\" \/>\n<meta property=\"og:description\" content=\"PISTAS DE P\u00c1DEL PISTAS DE P\u00c1DEL Tercer trimestre 2024 Lunes, mi\u00e9rcoles y viernes de 15:30 a 20:30 h. Martes y jueves de 10:00 a 12:00 h. (Seg\u00fan calendario) Precio: Ma\u00f1anas: 5\u20ac\/persona (20\u20ac\/reserva) &#8211; Tardes: 6\u20ac\/persona (24\u20ac\/reserva) Vestidores colectivos del polideportivo (seg\u00fan disponibilidad). Hay que quitar las bolsas despu\u00e9s de cambiarse. Cuando hayas realizado y pagado [&hellip;]\" \/>\n<meta property=\"og:url\" content=\"https:\/\/prueba.barriotropical.com\/es\/reserva-de-equipamientos\/\" \/>\n<meta property=\"og:site_name\" content=\"Ajuntament de Vilanova del Cam\u00ed\" \/>\n<meta property=\"article:modified_time\" content=\"2024-12-04T11:18:10+00:00\" \/>\n<meta property=\"og:image\" content=\"https:\/\/prueba.barriotropical.com\/wp-content\/uploads\/2024\/11\/pistes-de-padel-1024x492.jpg\" \/>\n<meta name=\"twitter:card\" content=\"summary_large_image\" \/>\n<meta name=\"twitter:label1\" content=\"Tiempo de lectura\" \/>\n\t<meta name=\"twitter:data1\" content=\"1 minuto\" \/>\n<script type=\"application\/ld+json\" class=\"yoast-schema-graph\">{\"@context\":\"https:\/\/schema.org\",\"@graph\":[{\"@type\":\"WebPage\",\"@id\":\"https:\/\/prueba.barriotropical.com\/es\/reserva-de-equipamientos\/\",\"url\":\"https:\/\/prueba.barriotropical.com\/es\/reserva-de-equipamientos\/\",\"name\":\"Reserva de equipamientos - Ajuntament de Vilanova del Cam\u00ed\",\"isPartOf\":{\"@id\":\"https:\/\/prueba.barriotropical.com\/es\/#website\"},\"primaryImageOfPage\":{\"@id\":\"https:\/\/prueba.barriotropical.com\/es\/reserva-de-equipamientos\/#primaryimage\"},\"image\":{\"@id\":\"https:\/\/prueba.barriotropical.com\/es\/reserva-de-equipamientos\/#primaryimage\"},\"thumbnailUrl\":\"https:\/\/prueba.barriotropical.com\/wp-content\/uploads\/2024\/11\/pistes-de-padel-1024x492.jpg\",\"datePublished\":\"2024-11-14T09:23:37+00:00\",\"dateModified\":\"2024-12-04T11:18:10+00:00\",\"breadcrumb\":{\"@id\":\"https:\/\/prueba.barriotropical.com\/es\/reserva-de-equipamientos\/#breadcrumb\"},\"inLanguage\":\"es\",\"potentialAction\":[{\"@type\":\"ReadAction\",\"target\":[\"https:\/\/prueba.barriotropical.com\/es\/reserva-de-equipamientos\/\"]}]},{\"@type\":\"ImageObject\",\"inLanguage\":\"es\",\"@id\":\"https:\/\/prueba.barriotropical.com\/es\/reserva-de-equipamientos\/#primaryimage\",\"url\":\"https:\/\/prueba.barriotropical.com\/wp-content\/uploads\/2024\/11\/pistes-de-padel-1024x492.jpg\",\"contentUrl\":\"https:\/\/prueba.barriotropical.com\/wp-content\/uploads\/2024\/11\/pistes-de-padel-1024x492.jpg\"},{\"@type\":\"BreadcrumbList\",\"@id\":\"https:\/\/prueba.barriotropical.com\/es\/reserva-de-equipamientos\/#breadcrumb\",\"itemListElement\":[{\"@type\":\"ListItem\",\"position\":1,\"name\":\"Portada\",\"item\":\"https:\/\/prueba.barriotropical.com\/es\/\"},{\"@type\":\"ListItem\",\"position\":2,\"name\":\"Reserva de equipamientos\"}]},{\"@type\":\"WebSite\",\"@id\":\"https:\/\/prueba.barriotropical.com\/es\/#website\",\"url\":\"https:\/\/prueba.barriotropical.com\/es\/\",\"name\":\"Ajuntament de Vilanova del Cam\u00ed\",\"description\":\"\",\"potentialAction\":[{\"@type\":\"SearchAction\",\"target\":{\"@type\":\"EntryPoint\",\"urlTemplate\":\"https:\/\/prueba.barriotropical.com\/es\/?s={search_term_string}\"},\"query-input\":{\"@type\":\"PropertyValueSpecification\",\"valueRequired\":true,\"valueName\":\"search_term_string\"}}],\"inLanguage\":\"es\"}]}<\/script>\n<!-- \/ Yoast SEO plugin. -->","yoast_head_json":{"title":"Reserva de equipamientos - Ajuntament de Vilanova del Cam\u00ed","robots":{"index":"noindex","follow":"follow","max-snippet":"max-snippet:-1","max-image-preview":"max-image-preview:large","max-video-preview":"max-video-preview:-1"},"og_locale":"es_ES","og_type":"article","og_title":"Reserva de equipamientos - Ajuntament de Vilanova del Cam\u00ed","og_description":"PISTAS DE P\u00c1DEL PISTAS DE P\u00c1DEL Tercer trimestre 2024 Lunes, mi\u00e9rcoles y viernes de 15:30 a 20:30 h. Martes y jueves de 10:00 a 12:00 h. (Seg\u00fan calendario) Precio: Ma\u00f1anas: 5\u20ac\/persona (20\u20ac\/reserva) &#8211; Tardes: 6\u20ac\/persona (24\u20ac\/reserva) Vestidores colectivos del polideportivo (seg\u00fan disponibilidad). Hay que quitar las bolsas despu\u00e9s de cambiarse. Cuando hayas realizado y pagado [&hellip;]","og_url":"https:\/\/prueba.barriotropical.com\/es\/reserva-de-equipamientos\/","og_site_name":"Ajuntament de Vilanova del Cam\u00ed","article_modified_time":"2024-12-04T11:18:10+00:00","og_image":[{"url":"https:\/\/prueba.barriotropical.com\/wp-content\/uploads\/2024\/11\/pistes-de-padel-1024x492.jpg","type":"","width":"","height":""}],"twitter_card":"summary_large_image","twitter_misc":{"Tiempo de lectura":"1 minuto"},"schema":{"@context":"https:\/\/schema.org","@graph":[{"@type":"WebPage","@id":"https:\/\/prueba.barriotropical.com\/es\/reserva-de-equipamientos\/","url":"https:\/\/prueba.barriotropical.com\/es\/reserva-de-equipamientos\/","name":"Reserva de equipamientos - Ajuntament de Vilanova del Cam\u00ed","isPartOf":{"@id":"https:\/\/prueba.barriotropical.com\/es\/#website"},"primaryImageOfPage":{"@id":"https:\/\/prueba.barriotropical.com\/es\/reserva-de-equipamientos\/#primaryimage"},"image":{"@id":"https:\/\/prueba.barriotropical.com\/es\/reserva-de-equipamientos\/#primaryimage"},"thumbnailUrl":"https:\/\/prueba.barriotropical.com\/wp-content\/uploads\/2024\/11\/pistes-de-padel-1024x492.jpg","datePublished":"2024-11-14T09:23:37+00:00","dateModified":"2024-12-04T11:18:10+00:00","breadcrumb":{"@id":"https:\/\/prueba.barriotropical.com\/es\/reserva-de-equipamientos\/#breadcrumb"},"inLanguage":"es","potentialAction":[{"@type":"ReadAction","target":["https:\/\/prueba.barriotropical.com\/es\/reserva-de-equipamientos\/"]}]},{"@type":"ImageObject","inLanguage":"es","@id":"https:\/\/prueba.barriotropical.com\/es\/reserva-de-equipamientos\/#primaryimage","url":"https:\/\/prueba.barriotropical.com\/wp-content\/uploads\/2024\/11\/pistes-de-padel-1024x492.jpg","contentUrl":"https:\/\/prueba.barriotropical.com\/wp-content\/uploads\/2024\/11\/pistes-de-padel-1024x492.jpg"},{"@type":"BreadcrumbList","@id":"https:\/\/prueba.barriotropical.com\/es\/reserva-de-equipamientos\/#breadcrumb","itemListElement":[{"@type":"ListItem","position":1,"name":"Portada","item":"https:\/\/prueba.barriotropical.com\/es\/"},{"@type":"ListItem","position":2,"name":"Reserva de equipamientos"}]},{"@type":"WebSite","@id":"https:\/\/prueba.barriotropical.com\/es\/#website","url":"https:\/\/prueba.barriotropical.com\/es\/","name":"Ajuntament de Vilanova del Cam\u00ed","description":"","potentialAction":[{"@type":"SearchAction","target":{"@type":"EntryPoint","urlTemplate":"https:\/\/prueba.barriotropical.com\/es\/?s={search_term_string}"},"query-input":{"@type":"PropertyValueSpecification","valueRequired":true,"valueName":"search_term_string"}}],"inLanguage":"es"}]}},"_links":{"self":[{"href":"https:\/\/prueba.barriotropical.com\/es\/wp-json\/wp\/v2\/pages\/813","targetHints":{"allow":["GET"]}}],"collection":[{"href":"https:\/\/prueba.barriotropical.com\/es\/wp-json\/wp\/v2\/pages"}],"about":[{"href":"https:\/\/prueba.barriotropical.com\/es\/wp-json\/wp\/v2\/types\/page"}],"author":[{"embeddable":true,"href":"https:\/\/prueba.barriotropical.com\/es\/wp-json\/wp\/v2\/users\/1"}],"replies":[{"embeddable":true,"href":"https:\/\/prueba.barriotropical.com\/es\/wp-json\/wp\/v2\/comments?post=813"}],"version-history":[{"count":1,"href":"https:\/\/prueba.barriotropical.com\/es\/wp-json\/wp\/v2\/pages\/813\/revisions"}],"predecessor-version":[{"id":814,"href":"https:\/\/prueba.barriotropical.com\/es\/wp-json\/wp\/v2\/pages\/813\/revisions\/814"}],"wp:attachment":[{"href":"https:\/\/prueba.barriotropical.com\/es\/wp-json\/wp\/v2\/media?parent=813"}],"curies":[{"name":"wp","href":"https:\/\/api.w.org\/{rel}","templated":true}]}}